{"id":466,"date":"2016-04-20T09:03:48","date_gmt":"2016-04-20T09:03:48","guid":{"rendered":"https:\/\/www.bjoerkhyddan.net\/wp\/?page_id=466"},"modified":"2019-02-28T14:48:59","modified_gmt":"2019-02-28T14:48:59","slug":"hitta-till-oss","status":"publish","type":"page","link":"https:\/\/www.bjoerkhyddan.net\/wp\/start\/valkommen\/hitta-till-oss","title":{"rendered":"Hitta till oss"},"content":{"rendered":"<div id=\"pl-466\"  class=\"panel-layout\" ><div id=\"pg-466-0\"  class=\"panel-grid panel-no-style\" ><div id=\"pgc-466-0-0\"  class=\"panel-grid-cell\" ><div id=\"panel-466-0-0-0\" class=\"so-panel widget widget_sow-editor panel-first-child\" data-index=\"0\" ><div\n\t\t\t\n\t\t\tclass=\"so-widget-sow-editor so-widget-sow-editor-base\"\n\t\t\t\n\t\t>\n<div class=\"siteorigin-widget-tinymce textwidget\">\n\t<p><iframe loading=\"lazy\" src=\"https:\/\/www.google.com\/maps\/embed?pb=!1m18!1m12!1m3!1d33704.92040911193!2d16.332896901519746!3d57.9319066644672!2m3!1f0!2f0!3f0!3m2!1i1024!2i768!4f13.1!3m3!1m2!1s0x465853dddf8762b3%3A0x1d3948a627915145!2sBed+%26+Breakfast+Bj%C3%B6rkhyddan!5e0!3m2!1sde!2sse!4v1551359061513\" width=\"600\" height=\"450\" frameborder=\"0\" style=\"border:0\" allowfullscreen><\/iframe><\/p>\n<\/div>\n<\/div><\/div><div id=\"panel-466-0-0-1\" class=\"so-panel widget widget_sow-editor panel-last-child\" data-index=\"1\" ><div\n\t\t\t\n\t\t\tclass=\"so-widget-sow-editor so-widget-sow-editor-base\"\n\t\t\t\n\t\t>\n<div class=\"siteorigin-widget-tinymce textwidget\">\n\t<div align=\"left\">\n<ul class=\"style3\">\n<li class=\"bodyText\">\n<p>P\u00e5 E22:an till avfarten Gamleby Norr<\/p>\n<\/li>\n<li class=\"bodyText\">\n<p>P\u00e5 135:an riktning\/mot Kisa<\/p>\n<\/li>\n<li class=\"bodyText\">\n<p>Sv\u00e4ng v\u00e4nster riktning\/mot Kisa<\/p>\n<\/li>\n<li class=\"bodyText\">\n<p>Sv\u00e4ng h\u00f6ger riktning\/mot Dalhem, Tyllinge<\/p>\n<\/li>\n<li class=\"bodyText\">\n<p>B &amp; B Bj\u00f6rkhyddan hittar Du mittemot Rumma skylten<\/p>\n<\/li>\n<\/ul>\n<hr \/>\n<ul class=\"style3\">\n<li class=\"bodyText\">\n<p>N\u00e4rmsta flygplatsar : Skavsta (Nyk\u00f6ping) 2 ---\u00a0Link\u00f6ping 1\u00a0timmar med bil<\/p>\n<\/li>\n<li class=\"bodyText\">\n<p>Avh\u00e4mtning och avl\u00e4mningsservice till Skavsta och Link\u00f6ping m\u00f6jlig<\/p>\n<\/li>\n<\/ul>\n<\/div>\n<\/div>\n<\/div><\/div><\/div><div id=\"pgc-466-0-1\"  class=\"panel-grid-cell\" ><div id=\"panel-466-0-1-0\" class=\"so-panel widget widget_sow-image panel-first-child\" data-index=\"2\" ><div\n\t\t\t\n\t\t\tclass=\"so-widget-sow-image so-widget-sow-image-default-8b5b6f678277-466\"\n\t\t\t\n\t\t>\n<div class=\"sow-image-container\">\n\t\t<img \n\tsrc=\"https:\/\/www.bjoerkhyddan.net\/wp\/wp-content\/uploads\/2016\/04\/En-del-av-destination-Vastervik-vit.gif\" width=\"715\" height=\"58\" sizes=\"(max-width: 715px) 100vw, 715px\" title=\"En del av destination Vastervik vit\" alt=\"\" \t\tclass=\"so-widget-image\"\/>\n\t<\/div>\n\n<\/div><\/div><div id=\"panel-466-0-1-1\" class=\"so-panel widget widget_sow-editor\" data-index=\"3\" ><div class=\"bordered-box panel-widget-style panel-widget-style-for-466-0-1-1\" ><div\n\t\t\t\n\t\t\tclass=\"so-widget-sow-editor so-widget-sow-editor-base\"\n\t\t\t\n\t\t>\n<div class=\"siteorigin-widget-tinymce textwidget\">\n\t<p><a href=\"https:\/\/www.bjoerkhyddan.net\/wp\/wp-content\/uploads\/2019\/02\/Bildschirmfoto-2019-02-28-um-15.14.44.png\"><img loading=\"lazy\" decoding=\"async\" class=\"alignleft wp-image-962 size-medium\" src=\"https:\/\/www.bjoerkhyddan.net\/wp\/wp-content\/uploads\/2019\/02\/Bildschirmfoto-2019-02-28-um-15.14.44-300x219.png\" alt=\"\" width=\"300\" height=\"219\" srcset=\"https:\/\/www.bjoerkhyddan.net\/wp\/wp-content\/uploads\/2019\/02\/Bildschirmfoto-2019-02-28-um-15.14.44-300x219.png 300w, https:\/\/www.bjoerkhyddan.net\/wp\/wp-content\/uploads\/2019\/02\/Bildschirmfoto-2019-02-28-um-15.14.44-1x1.png 1w, https:\/\/www.bjoerkhyddan.net\/wp\/wp-content\/uploads\/2019\/02\/Bildschirmfoto-2019-02-28-um-15.14.44.png 473w\" sizes=\"auto, (max-width: 300px) 100vw, 300px\" \/><\/a><\/p>\n<p><a href=\"https:\/\/www.bjoerkhyddan.net\/wp\/wp-content\/uploads\/2019\/02\/Bildschirmfoto-2019-02-28-um-15.30.26.png\"><img loading=\"lazy\" decoding=\"async\" src=\"https:\/\/www.bjoerkhyddan.net\/wp\/wp-content\/uploads\/2019\/02\/Bildschirmfoto-2019-02-28-um-15.30.26-300x198.png\" alt=\"\" width=\"300\" height=\"219\" class=\"aligncenter size-medium wp-image-965\" \/><\/a><\/p>\n<p><a href=\"https:\/\/www.bjoerkhyddan.net\/wp\/wp-content\/uploads\/2019\/02\/Bildschirmfoto-2019-02-28-um-15.39.46.png\"><img loading=\"lazy\" decoding=\"async\" src=\"https:\/\/www.bjoerkhyddan.net\/wp\/wp-content\/uploads\/2019\/02\/Bildschirmfoto-2019-02-28-um-15.39.46-300x198.png\" alt=\"\" width=\"300\" height=\"198\" class=\"aligncenter size-medium wp-image-968\" srcset=\"https:\/\/www.bjoerkhyddan.net\/wp\/wp-content\/uploads\/2019\/02\/Bildschirmfoto-2019-02-28-um-15.39.46-300x198.png 300w, https:\/\/www.bjoerkhyddan.net\/wp\/wp-content\/uploads\/2019\/02\/Bildschirmfoto-2019-02-28-um-15.39.46-768x507.png 768w, https:\/\/www.bjoerkhyddan.net\/wp\/wp-content\/uploads\/2019\/02\/Bildschirmfoto-2019-02-28-um-15.39.46-1024x676.png 1024w, https:\/\/www.bjoerkhyddan.net\/wp\/wp-content\/uploads\/2019\/02\/Bildschirmfoto-2019-02-28-um-15.39.46-2x1.png 2w, https:\/\/www.bjoerkhyddan.net\/wp\/wp-content\/uploads\/2019\/02\/Bildschirmfoto-2019-02-28-um-15.39.46.png 1090w\" sizes=\"auto, (max-width: 300px) 100vw, 300px\" \/><\/a><\/p>\n<\/div>\n<\/div><\/div><\/div><div id=\"panel-466-0-1-2\" class=\"so-panel widget widget_sow-editor panel-last-child\" data-index=\"4\" ><div\n\t\t\t\n\t\t\tclass=\"so-widget-sow-editor so-widget-sow-editor-base\"\n\t\t\t\n\t\t>\n<div class=\"siteorigin-widget-tinymce textwidget\">\n\t<p style=\"text-align: left;\"><span style=\"font-size: 10pt;\">GPS-Data: <\/span><br \/><span style=\"font-size: 10pt;\">57\u00b056'12.2\"N 16\u00b019'29.8\"E<\/span><\/p>\n<\/div>\n<\/div><\/div><\/div><\/div><\/div>","protected":false},"excerpt":{"rendered":"<p>P\u00e5 E22:an till avfarten Gamleby Norr P\u00e5 135:an riktning\/mot Kisa Sv\u00e4ng v\u00e4nster riktning\/mot Kisa Sv\u00e4ng h\u00f6ger riktning\/mot Dalhem, Tyllinge B &amp; B Bj\u00f6rkhyddan hittar Du mittemot Rumma skylten N\u00e4rmsta flygplatsar : Skavsta (Nyk\u00f6ping) 2 &#8212;\u00a0Link\u00f6ping 1\u00a0timmar med bil Avh\u00e4mtning och avl\u00e4mningsservice till Skavsta och Link\u00f6ping m\u00f6jlig GPS-Data: 57\u00b056&#8217;12.2&#8243;N 16\u00b019&#8217;29.8&#8243;E<\/p>\n","protected":false},"author":2,"featured_media":0,"parent":455,"menu_order":0,"comment_status":"closed","ping_status":"closed","template":"page-templates\/full-width.php","meta":{"_acf_changed":false,"footnotes":""},"class_list":["post-466","page","type-page","status-publish","hentry"],"acf":[],"_links":{"self":[{"href":"https:\/\/www.bjoerkhyddan.net\/wp\/wp-json\/wp\/v2\/pages\/466","targetHints":{"allow":["GET"]}}],"collection":[{"href":"https:\/\/www.bjoerkhyddan.net\/wp\/wp-json\/wp\/v2\/pages"}],"about":[{"href":"https:\/\/www.bjoerkhyddan.net\/wp\/wp-json\/wp\/v2\/types\/page"}],"author":[{"embeddable":true,"href":"https:\/\/www.bjoerkhyddan.net\/wp\/wp-json\/wp\/v2\/users\/2"}],"replies":[{"embeddable":true,"href":"https:\/\/www.bjoerkhyddan.net\/wp\/wp-json\/wp\/v2\/comments?post=466"}],"version-history":[{"count":17,"href":"https:\/\/www.bjoerkhyddan.net\/wp\/wp-json\/wp\/v2\/pages\/466\/revisions"}],"predecessor-version":[{"id":979,"href":"https:\/\/www.bjoerkhyddan.net\/wp\/wp-json\/wp\/v2\/pages\/466\/revisions\/979"}],"up":[{"embeddable":true,"href":"https:\/\/www.bjoerkhyddan.net\/wp\/wp-json\/wp\/v2\/pages\/455"}],"wp:attachment":[{"href":"https:\/\/www.bjoerkhyddan.net\/wp\/wp-json\/wp\/v2\/media?parent=466"}],"curies":[{"name":"wp","href":"https:\/\/api.w.org\/{rel}","templated":true}]}}