{"id":464,"date":"2016-04-20T09:03:35","date_gmt":"2016-04-20T09:03:35","guid":{"rendered":"https:\/\/www.bjoerkhyddan.net\/wp\/?page_id=464"},"modified":"2026-01-27T09:20:41","modified_gmt":"2026-01-27T09:20:41","slug":"gastgivare","status":"publish","type":"page","link":"https:\/\/www.bjoerkhyddan.net\/wp\/start\/valkommen\/gastgivare","title":{"rendered":"G\u00e4stgivare"},"content":{"rendered":"<div id=\"pl-464\"  class=\"panel-layout\" ><div id=\"pg-464-0\"  class=\"panel-grid panel-no-style\" ><div id=\"pgc-464-0-0\"  class=\"panel-grid-cell\" ><div id=\"panel-464-0-0-0\" class=\"so-panel widget widget_sow-editor panel-first-child panel-last-child\" data-index=\"0\" ><div\n\t\t\t\n\t\t\tclass=\"so-widget-sow-editor so-widget-sow-editor-base\"\n\t\t\t\n\t\t>\n<div class=\"siteorigin-widget-tinymce textwidget\">\n\t<p><span style=\"font-size: 16.24px; font-style: normal; font-weight: 400;\">H\u00e4r har Du oss! Fred &amp; Maren &amp; Ronja<\/span><\/p>\n<p><img loading=\"lazy\" decoding=\"async\" class=\"size-medium wp-image-1263 alignleft\" src=\"https:\/\/www.bjoerkhyddan.net\/wp\/wp-content\/uploads\/2023\/05\/IMG_4934-244x300.jpg\" alt=\"\" width=\"244\" height=\"300\" srcset=\"https:\/\/www.bjoerkhyddan.net\/wp\/wp-content\/uploads\/2023\/05\/IMG_4934-244x300.jpg 244w, https:\/\/www.bjoerkhyddan.net\/wp\/wp-content\/uploads\/2023\/05\/IMG_4934-832x1024.jpg 832w, https:\/\/www.bjoerkhyddan.net\/wp\/wp-content\/uploads\/2023\/05\/IMG_4934-768x946.jpg 768w, https:\/\/www.bjoerkhyddan.net\/wp\/wp-content\/uploads\/2023\/05\/IMG_4934-1247x1536.jpg 1247w, https:\/\/www.bjoerkhyddan.net\/wp\/wp-content\/uploads\/2023\/05\/IMG_4934-1x1.jpg 1w, https:\/\/www.bjoerkhyddan.net\/wp\/wp-content\/uploads\/2023\/05\/IMG_4934.jpg 1664w\" sizes=\"auto, (max-width: 244px) 100vw, 244px\" \/><\/p>\n<p>Vi kommer fr\u00e5n Tyskland och har efter sju \u00e5rs vistelse i Asien funnit v\u00e5rt Hem i Sverige. Vi \u00e4lskar naturen d\u00e4r vi bor. Med sina \u00e5rstidsskiftningar; v\u00e5ren med sina sp\u00e4da gr\u00f6na nyanser, sommaren med sina ljusa n\u00e4tter och h\u00f6stens b\u00e4r och svampplockande i skog och mark och den sn\u00f6rika vintern; allt f\u00f6r tankarna till ett sagolandskap.<\/p>\n<p>Efter att ha berest ett flertal l\u00e4nder lyder det oss att f\u00e5 vara Er g\u00e4stgivare.<br \/>\nV\u00e5ra l\u00e4genheter har vi byggt med v\u00e5ra utlandserfarenheter som grund och vi hoppas att\u00a0ni skall finna er v\u00e4l till mods hos oss.<\/p>\n<p>Vi gl\u00e4der oss \u00e5t m\u00f6tet med Er!<\/p>\n<p>Med v\u00e4nliga h\u00e4lsningar<\/p>\n<p>Fred &amp; Maren<\/p>\n<\/div>\n<\/div><\/div><\/div><div id=\"pgc-464-0-1\"  class=\"panel-grid-cell\" ><div id=\"panel-464-0-1-0\" class=\"so-panel widget widget_sow-image panel-first-child\" data-index=\"1\" ><div\n\t\t\t\n\t\t\tclass=\"so-widget-sow-image so-widget-sow-image-default-c67d20f9f743-464\"\n\t\t\t\n\t\t>\n<div class=\"sow-image-container\">\n\t\t<img \n\tsrc=\"https:\/\/www.bjoerkhyddan.net\/wp\/wp-content\/uploads\/2016\/04\/En-del-av-destination-Vastervik-vit.gif\" width=\"715\" height=\"58\" sizes=\"(max-width: 715px) 100vw, 715px\" title=\"En del av destination Vastervik vit\" alt=\"\" \t\tclass=\"so-widget-image\"\/>\n\t<\/div>\n\n<\/div><\/div><div id=\"panel-464-0-1-1\" class=\"so-panel widget widget_sow-editor\" data-index=\"2\" ><div class=\"bordered-box panel-widget-style panel-widget-style-for-464-0-1-1\" ><div\n\t\t\t\n\t\t\tclass=\"so-widget-sow-editor so-widget-sow-editor-base\"\n\t\t\t\n\t\t>\n<div class=\"siteorigin-widget-tinymce textwidget\">\n\t<h2 style=\"text-align: center;\">B &amp; B Bj\u00f6rkhyddan<\/h2>\n<p style=\"text-align: center;\"><img loading=\"lazy\" decoding=\"async\" class=\"aligncenter size-full wp-image-441\" src=\"https:\/\/www.bjoerkhyddan.net\/wp\/wp-content\/uploads\/2016\/04\/Schulbank-um-1940-50.jpg\" alt=\"Schulbank um 1940-50\" width=\"130\" height=\"86\" srcset=\"https:\/\/www.bjoerkhyddan.net\/wp\/wp-content\/uploads\/2016\/04\/Schulbank-um-1940-50.jpg 130w, https:\/\/www.bjoerkhyddan.net\/wp\/wp-content\/uploads\/2016\/04\/Schulbank-um-1940-50-1x1.jpg 1w\" sizes=\"auto, (max-width: 130px) 100vw, 130px\" \/><\/p>\n<p style=\"text-align: center;\">I Frukostrummet<\/p>\n<\/div>\n<\/div><\/div><\/div><div id=\"panel-464-0-1-2\" class=\"so-panel widget widget_sow-editor\" data-index=\"3\" ><div class=\"bordered-box panel-widget-style panel-widget-style-for-464-0-1-2\" ><div\n\t\t\t\n\t\t\tclass=\"so-widget-sow-editor so-widget-sow-editor-base\"\n\t\t\t\n\t\t>\n<div class=\"siteorigin-widget-tinymce textwidget\">\n\t<p style=\"text-align: center;\">Impressum &amp; Kontakt<\/p>\n<p style=\"text-align: center;\">Maren Ziechmann<br \/>\nRumma Bj\u00f6rkhyddan<br \/>\n59492 Gamleby<br \/>\nSverige<\/p>\n<p style=\"text-align: center;\">Tel: +46-722043050<br \/>\neller email: maren(@)bjoerkhyddan.net<\/p>\n<\/div>\n<\/div><\/div><\/div><div id=\"panel-464-0-1-3\" class=\"so-panel widget widget_sow-editor panel-last-child\" data-index=\"4\" ><div\n\t\t\t\n\t\t\tclass=\"so-widget-sow-editor so-widget-sow-editor-base\"\n\t\t\t\n\t\t>\n<div class=\"siteorigin-widget-tinymce textwidget\">\n\t<p style=\"text-align: left;\"><a href=\"http:\/\/www.disclaimer.de\/disclaimer.htm?farbe=880000\/ffffff\/f4a532\/000000\">Disclaimer<\/a><br \/> <a href=\"https:\/\/www.bjoerkhyddan.net\/wp\/start\/wilkommen\/datenschutzerklaerung\">Integritetspolicy policy (tysk)<\/a><\/p>\n<\/div>\n<\/div><\/div><\/div><\/div><\/div>","protected":false},"excerpt":{"rendered":"<p>H\u00e4r har Du oss! Fred &amp; Maren &amp; Ronja Vi kommer fr\u00e5n Tyskland och har efter sju \u00e5rs vistelse i Asien funnit v\u00e5rt Hem i Sverige. Vi \u00e4lskar naturen d\u00e4r vi bor. Med sina \u00e5rstidsskiftningar; v\u00e5ren med sina sp\u00e4da gr\u00f6na nyanser, sommaren med sina ljusa n\u00e4tter och h\u00f6stens b\u00e4r och svampplockande i skog och mark [&hellip;]<\/p>\n","protected":false},"author":2,"featured_media":0,"parent":455,"menu_order":0,"comment_status":"closed","ping_status":"open","template":"page-templates\/full-width.php","meta":{"_acf_changed":false,"footnotes":""},"class_list":["post-464","page","type-page","status-publish","hentry"],"acf":[],"_links":{"self":[{"href":"https:\/\/www.bjoerkhyddan.net\/wp\/wp-json\/wp\/v2\/pages\/464","targetHints":{"allow":["GET"]}}],"collection":[{"href":"https:\/\/www.bjoerkhyddan.net\/wp\/wp-json\/wp\/v2\/pages"}],"about":[{"href":"https:\/\/www.bjoerkhyddan.net\/wp\/wp-json\/wp\/v2\/types\/page"}],"author":[{"embeddable":true,"href":"https:\/\/www.bjoerkhyddan.net\/wp\/wp-json\/wp\/v2\/users\/2"}],"replies":[{"embeddable":true,"href":"https:\/\/www.bjoerkhyddan.net\/wp\/wp-json\/wp\/v2\/comments?post=464"}],"version-history":[{"count":31,"href":"https:\/\/www.bjoerkhyddan.net\/wp\/wp-json\/wp\/v2\/pages\/464\/revisions"}],"predecessor-version":[{"id":1240,"href":"https:\/\/www.bjoerkhyddan.net\/wp\/wp-json\/wp\/v2\/pages\/464\/revisions\/1240"}],"up":[{"embeddable":true,"href":"https:\/\/www.bjoerkhyddan.net\/wp\/wp-json\/wp\/v2\/pages\/455"}],"wp:attachment":[{"href":"https:\/\/www.bjoerkhyddan.net\/wp\/wp-json\/wp\/v2\/media?parent=464"}],"curies":[{"name":"wp","href":"https:\/\/api.w.org\/{rel}","templated":true}]}}