{"id":455,"date":"2016-04-20T09:00:16","date_gmt":"2016-04-20T09:00:16","guid":{"rendered":"https:\/\/www.bjoerkhyddan.net\/wp\/?page_id=455"},"modified":"2026-02-11T14:19:56","modified_gmt":"2026-02-11T14:19:56","slug":"valkommen","status":"publish","type":"page","link":"https:\/\/www.bjoerkhyddan.net\/wp\/start\/valkommen","title":{"rendered":"V\u00e4lkommen"},"content":{"rendered":"<div id=\"pl-455\"  class=\"panel-layout\" ><div id=\"pg-455-0\"  class=\"panel-grid panel-no-style\" ><div id=\"pgc-455-0-0\"  class=\"panel-grid-cell\" ><div id=\"panel-455-0-0-0\" class=\"so-panel widget widget_sow-editor panel-first-child\" data-index=\"0\" ><div\n\t\t\t\n\t\t\tclass=\"so-widget-sow-editor so-widget-sow-editor-base\"\n\t\t\t\n\t\t>\n<div class=\"siteorigin-widget-tinymce textwidget\">\n\t<p><img loading=\"lazy\" decoding=\"async\" class=\"alignright size-full wp-image-352\" src=\"https:\/\/www.bjoerkhyddan.net\/wp\/wp-content\/uploads\/2016\/04\/smaland.gif\" alt=\"smaland\" width=\"200\" height=\"190\" \/>... till Sverige, Sm\u00e5lands nord\u00f6stra del, och V\u00e4sterviks Kommun i Kalmar L\u00e4n.<br \/>\nL\u00e5t er f\u00f6rtjusas av den sm\u00e5l\u00e4ndska naturen; djupa skogar, talrika insj\u00f6ar, sk\u00e4rg\u00e5rden med tusentals skyddande \u00f6ar och s\u00e5 Flatvarp med sina karakt\u00e4ristiska varp-\u00f6ar.<\/p>\n<p>B &amp; B Bj\u00f6rkhyddan hittar Du i Gamleby, Rumma i b\u00f6rjan av en underbar sm\u00e5l\u00e4ndsk dalg\u00e5ng.\u00a0I Bj\u00f6rkhyddan finns tre semesterl\u00e4genheter. Gamla huset, Solstr\u00e5le och Dr\u00f6mv\u00e4rld. Alldeles bakom huset ligger en islandsh\u00e4st-uppf\u00f6dning och n\u00e5gra hundratal meter bort ligger sj\u00f6n Rummen.<br \/>\nGamleby, \u00d6stersj\u00f6n och den m\u00e5ngomskrivna sk\u00e4rg\u00e5rden ligger ca: 7 Km i \u00f6stlig riktning. Orten Gamleby har anor sedan medeltiden och har en mycket intressant historia d\u00e5 befolkningen i olika omg\u00e5ngar tvingades att flytta till det nuvarande V\u00e4stervik f\u00f6r att f\u00f6rsvara den svenska kusten. Danskarna var dock milit\u00e4rt starkare och man tvingades att fly tillbaka till, just det \u201dgamle by\u201d.<\/p>\n<p>Tre mysigt inredda semesterl\u00e4genheter (<a href=\"https:\/\/www.facebook.com\/BuBBjoerkhyddan\/videos\/1071937036275198\/\" target=\"_blank\" rel=\"noopener noreferrer\">varav en handikappanpassad<\/a>) v\u00e4ntar er. Vare sig ni bara vill l\u00e4sa en god bok i tr\u00e4dg\u00e5rden eller g\u00f6ra utflykter till fots eller p\u00e5 cykel \u2013 vi gl\u00e4der oss \u00e5t Ert bes\u00f6k!<\/p>\n<p style=\"text-align: center;\"><span style=\"color: #00ff00;\"><span style=\"font-size: 14pt;\">Kommer du med el-bil?<br \/>\n<\/span><span style=\"font-size: 14pt;\">Inga problem - du kan ladda den \u00f6ver natt hos v\u00e5ra laddbox!<\/span><\/span><\/p>\n<\/div>\n<\/div><\/div><div id=\"panel-455-0-0-1\" class=\"so-panel widget widget_siteorigin-panels-builder\" data-index=\"1\" ><div id=\"pl-w62615e8f63d93\"  class=\"panel-layout\" ><div id=\"pg-w62615e8f63d93-0\"  class=\"panel-grid panel-no-style\" ><div id=\"pgc-w62615e8f63d93-0-0\"  class=\"panel-grid-cell\" ><div id=\"panel-w62615e8f63d93-0-0-0\" class=\"so-panel widget widget_sow-image panel-first-child panel-last-child\" data-index=\"0\" ><div\n\t\t\t\n\t\t\tclass=\"so-widget-sow-image so-widget-sow-image-default-8b5b6f678277\"\n\t\t\t\n\t\t>\n<div class=\"sow-image-container\">\n\t\t<img \n\tsrc=\"https:\/\/www.bjoerkhyddan.net\/wp\/wp-content\/uploads\/2016\/04\/Baerbel_Werner_Schaeren_011.jpg\" width=\"640\" height=\"411\" srcset=\"https:\/\/www.bjoerkhyddan.net\/wp\/wp-content\/uploads\/2016\/04\/Baerbel_Werner_Schaeren_011.jpg 640w, https:\/\/www.bjoerkhyddan.net\/wp\/wp-content\/uploads\/2016\/04\/Baerbel_Werner_Schaeren_011-300x192.jpg 300w, https:\/\/www.bjoerkhyddan.net\/wp\/wp-content\/uploads\/2016\/04\/Baerbel_Werner_Schaeren_011-1x1.jpg 1w\" sizes=\"(max-width: 640px) 100vw, 640px\" title=\"Baerbel_Werner_Schaeren_01\" alt=\"\" \t\tclass=\"so-widget-image\"\/>\n\t<\/div>\n\n<\/div><\/div><\/div><div id=\"pgc-w62615e8f63d93-0-1\"  class=\"panel-grid-cell\" ><div id=\"panel-w62615e8f63d93-0-1-0\" class=\"so-panel widget widget_sow-image panel-first-child panel-last-child\" data-index=\"1\" ><div\n\t\t\t\n\t\t\tclass=\"so-widget-sow-image so-widget-sow-image-default-8b5b6f678277\"\n\t\t\t\n\t\t>\n<div class=\"sow-image-container\">\n\t\t<img \n\tsrc=\"https:\/\/www.bjoerkhyddan.net\/wp\/wp-content\/uploads\/2021\/02\/IMG_0400.jpg\" width=\"2268\" height=\"1512\" srcset=\"https:\/\/www.bjoerkhyddan.net\/wp\/wp-content\/uploads\/2021\/02\/IMG_0400.jpg 2268w, https:\/\/www.bjoerkhyddan.net\/wp\/wp-content\/uploads\/2021\/02\/IMG_0400-300x200.jpg 300w, https:\/\/www.bjoerkhyddan.net\/wp\/wp-content\/uploads\/2021\/02\/IMG_0400-768x512.jpg 768w, https:\/\/www.bjoerkhyddan.net\/wp\/wp-content\/uploads\/2021\/02\/IMG_0400-1024x683.jpg 1024w, https:\/\/www.bjoerkhyddan.net\/wp\/wp-content\/uploads\/2021\/02\/IMG_0400-2x1.jpg 2w, https:\/\/www.bjoerkhyddan.net\/wp\/wp-content\/uploads\/2021\/02\/IMG_0400-272x182.jpg 272w\" sizes=\"(max-width: 2268px) 100vw, 2268px\" alt=\"\" \t\tclass=\"so-widget-image\"\/>\n\t<\/div>\n\n<\/div><\/div><\/div><div id=\"pgc-w62615e8f63d93-0-2\"  class=\"panel-grid-cell\" ><div id=\"panel-w62615e8f63d93-0-2-0\" class=\"so-panel widget widget_sow-image panel-first-child panel-last-child\" data-index=\"2\" ><div\n\t\t\t\n\t\t\tclass=\"so-widget-sow-image so-widget-sow-image-default-8b5b6f678277\"\n\t\t\t\n\t\t>\n<div class=\"sow-image-container\">\n\t\t<img \n\tsrc=\"https:\/\/www.bjoerkhyddan.net\/wp\/wp-content\/uploads\/2016\/04\/Virum-alg_043.jpg\" width=\"640\" height=\"427\" srcset=\"https:\/\/www.bjoerkhyddan.net\/wp\/wp-content\/uploads\/2016\/04\/Virum-alg_043.jpg 640w, https:\/\/www.bjoerkhyddan.net\/wp\/wp-content\/uploads\/2016\/04\/Virum-alg_043-300x200.jpg 300w, https:\/\/www.bjoerkhyddan.net\/wp\/wp-content\/uploads\/2016\/04\/Virum-alg_043-1x1.jpg 1w, https:\/\/www.bjoerkhyddan.net\/wp\/wp-content\/uploads\/2016\/04\/Virum-alg_043-272x182.jpg 272w\" sizes=\"(max-width: 640px) 100vw, 640px\" title=\"Virum alg_043\" alt=\"\" \t\tclass=\"so-widget-image\"\/>\n\t<\/div>\n\n<\/div><\/div><\/div><\/div><\/div><\/div><div id=\"panel-455-0-0-2\" class=\"so-panel widget widget_sow-editor panel-last-child\" data-index=\"2\" ><div\n\t\t\t\n\t\t\tclass=\"so-widget-sow-editor so-widget-sow-editor-base\"\n\t\t\t\n\t\t>\n<div class=\"siteorigin-widget-tinymce textwidget\">\n\t<p style=\"text-align: center;\">Vi har en ny ankomst!<\/p>\n<p style=\"text-align: center;\">V\u00e5r <a href=\"https:\/\/www.bjoerkhyddan.net\/wp\/start\/valkommen\/villa-ronja\">Villa Ronja<\/a> \u00e4r redo f\u00f6r inflyttning!<\/p>\n<p style=\"text-align: center;\"><a href=\"http:\/\/nikyceria.blogspot.it\/search\/label\/Vastervik\">Kl\u00e4ttring folk fr\u00e5n Italien i v\u00e5r B &amp; B!<\/a><\/p>\n<p style=\"text-align: center;\"><a title=\"Album\" href=\"https:\/\/www.bjoerkhyddan.net\/wp\/start\/valkommen\/album\">\u00a0Bilder fr\u00e5n v\u00e5r omgivning<\/a><\/p>\n<\/div>\n<\/div><\/div><\/div><div id=\"pgc-455-0-1\"  class=\"panel-grid-cell\" ><div id=\"panel-455-0-1-0\" class=\"so-panel widget widget_sow-image panel-first-child\" data-index=\"3\" ><div\n\t\t\t\n\t\t\tclass=\"so-widget-sow-image so-widget-sow-image-default-8b5b6f678277-455\"\n\t\t\t\n\t\t>\n<div class=\"sow-image-container\">\n\t\t<img \n\tsrc=\"https:\/\/www.bjoerkhyddan.net\/wp\/wp-content\/uploads\/2016\/04\/En-del-av-destination-Vastervik-vit.gif\" width=\"715\" height=\"58\" sizes=\"(max-width: 715px) 100vw, 715px\" title=\"En del av destination Vastervik vit\" alt=\"\" \t\tclass=\"so-widget-image\"\/>\n\t<\/div>\n\n<\/div><\/div><div id=\"panel-455-0-1-1\" class=\"so-panel widget widget_siteorigin-panels-builder panel-last-child\" data-index=\"4\" ><div class=\"bordered-box panel-widget-style panel-widget-style-for-455-0-1-1\" ><div id=\"pl-w698c900cbe899\"  class=\"panel-layout\" ><div id=\"pg-w698c900cbe899-0\"  class=\"panel-grid panel-no-style\" ><div id=\"pgc-w698c900cbe899-0-0\"  class=\"panel-grid-cell\" ><div id=\"panel-w698c900cbe899-0-0-0\" class=\"so-panel widget widget_sow-editor panel-first-child panel-last-child\" data-index=\"0\" ><div\n\t\t\t\n\t\t\tclass=\"so-widget-sow-editor so-widget-sow-editor-base\"\n\t\t\t\n\t\t>\n<div class=\"siteorigin-widget-tinymce textwidget\">\n\t<p style=\"text-align: center;\"><span id=\"result_box\" class=\"short_text\" lang=\"sv\" style=\"font-size: 12pt;\"><span class=\"\">V\u00e5ra l\u00e4genheter:<\/span><\/span><\/p>\n<\/div>\n<\/div><\/div><\/div><\/div><div id=\"pg-w698c900cbe899-1\"  class=\"panel-grid panel-no-style\" ><div id=\"pgc-w698c900cbe899-1-0\"  class=\"panel-grid-cell\" ><div id=\"panel-w698c900cbe899-1-0-0\" class=\"so-panel widget widget_sow-editor panel-first-child panel-last-child\" data-index=\"1\" ><div\n\t\t\t\n\t\t\tclass=\"so-widget-sow-editor so-widget-sow-editor-base\"\n\t\t\t\n\t\t>\n<div class=\"siteorigin-widget-tinymce textwidget\">\n\t<p style=\"text-align: center;\"><a href=\"https:\/\/www.bjoerkhyddan.net\/wp\/start\/valkommen\/vaningar\"><img loading=\"lazy\" decoding=\"async\" class=\"aligncenter size-thumbnail wp-image-849\" src=\"https:\/\/www.bjoerkhyddan.net\/wp\/wp-content\/uploads\/2016\/04\/Solstra\u030ale1-150x150.jpg\" alt=\"\" width=\"150\" height=\"150\" srcset=\"https:\/\/www.bjoerkhyddan.net\/wp\/wp-content\/uploads\/2016\/04\/Solstra\u030ale1-150x150.jpg 150w, https:\/\/www.bjoerkhyddan.net\/wp\/wp-content\/uploads\/2016\/04\/Solstra\u030ale1-1x1.jpg 1w\" sizes=\"auto, (max-width: 150px) 100vw, 150px\" \/><\/a><\/p>\n<p style=\"text-align: center;\"><a title=\"V\u00e5ningar\" href=\"https:\/\/www.bjoerkhyddan.net\/wp\/start\/valkommen\/vaningar\">Solstr\u00e5le<\/a><br \/>\n<a title=\"V\u00e5ningar\" href=\"https:\/\/www.bjoerkhyddan.net\/wp\/start\/valkommen\/vaningar\">25 m<sup>2<\/sup><\/a><\/p>\n<\/div>\n<\/div><\/div><\/div><div id=\"pgc-w698c900cbe899-1-1\"  class=\"panel-grid-cell\" ><div id=\"panel-w698c900cbe899-1-1-0\" class=\"so-panel widget widget_sow-editor panel-first-child panel-last-child\" data-index=\"2\" ><div\n\t\t\t\n\t\t\tclass=\"so-widget-sow-editor so-widget-sow-editor-base\"\n\t\t\t\n\t\t>\n<div class=\"siteorigin-widget-tinymce textwidget\">\n\t<p style=\"text-align: center;\"><a title=\"V\u00e5ningar\" href=\"https:\/\/www.bjoerkhyddan.net\/wp\/start\/valkommen\/vaningar\"><img loading=\"lazy\" decoding=\"async\" class=\"aligncenter wp-image-246\" src=\"https:\/\/www.bjoerkhyddan.net\/wp\/wp-content\/uploads\/2016\/04\/Droemvaerld_13-150x150.jpg\" alt=\"Droemvaerld_13\" width=\"150\" height=\"150\" srcset=\"https:\/\/www.bjoerkhyddan.net\/wp\/wp-content\/uploads\/2016\/04\/Droemvaerld_13-150x150.jpg 150w, https:\/\/www.bjoerkhyddan.net\/wp\/wp-content\/uploads\/2016\/04\/Droemvaerld_13-1x1.jpg 1w\" sizes=\"auto, (max-width: 150px) 100vw, 150px\" \/><\/a><\/p>\n<p style=\"text-align: center;\"><a title=\"V\u00e5ningar\" href=\"https:\/\/www.bjoerkhyddan.net\/wp\/start\/valkommen\/vaningar\">Dr\u00f6mv\u00e4rld<\/a><br \/>\n<a title=\"V\u00e5ningar\" href=\"https:\/\/www.bjoerkhyddan.net\/wp\/start\/valkommen\/vaningar\">32\u00a0m<sup>2<\/sup><\/a><br \/>\n<a href=\"https:\/\/www.facebook.com\/BuBBjoerkhyddan\/videos\/1071937036275198\/\" target=\"_blank\" rel=\"noopener noreferrer\">se filmen<\/a><\/p>\n<\/div>\n<\/div><\/div><\/div><\/div><div id=\"pg-w698c900cbe899-2\"  class=\"panel-grid panel-no-style\" ><div id=\"pgc-w698c900cbe899-2-0\"  class=\"panel-grid-cell\" ><div id=\"panel-w698c900cbe899-2-0-0\" class=\"so-panel widget widget_sow-editor panel-first-child panel-last-child\" data-index=\"3\" ><div\n\t\t\t\n\t\t\tclass=\"so-widget-sow-editor so-widget-sow-editor-base\"\n\t\t\t\n\t\t>\n<div class=\"siteorigin-widget-tinymce textwidget\">\n\t<p style=\"text-align: center;\">2 s\u00e4ngar<\/p>\n<\/div>\n<\/div><\/div><\/div><div id=\"pgc-w698c900cbe899-2-1\"  class=\"panel-grid-cell\" ><div id=\"panel-w698c900cbe899-2-1-0\" class=\"so-panel widget widget_sow-editor panel-first-child panel-last-child\" data-index=\"4\" ><div\n\t\t\t\n\t\t\tclass=\"so-widget-sow-editor so-widget-sow-editor-base\"\n\t\t\t\n\t\t>\n<div class=\"siteorigin-widget-tinymce textwidget\">\n\t<p style=\"text-align: center;\">3 s\u00e4ngar<\/p>\n<\/div>\n<\/div><\/div><\/div><\/div><div id=\"pg-w698c900cbe899-3\"  class=\"panel-grid panel-no-style\" ><div id=\"pgc-w698c900cbe899-3-0\"  class=\"panel-grid-cell panel-grid-cell-empty\" ><\/div><div id=\"pgc-w698c900cbe899-3-1\"  class=\"panel-grid-cell panel-grid-cell-mobile-last\" ><div id=\"panel-w698c900cbe899-3-1-0\" class=\"so-panel widget widget_sow-editor panel-first-child panel-last-child\" data-index=\"5\" ><div\n\t\t\t\n\t\t\tclass=\"so-widget-sow-editor so-widget-sow-editor-base\"\n\t\t\t\n\t\t>\n<div class=\"siteorigin-widget-tinymce textwidget\">\n\t<p><a href=\"https:\/\/www.bjoerkhyddan.net\/wp\/start\/valkommen\/vaningar\"><img loading=\"lazy\" decoding=\"async\" class=\"aligncenter size-thumbnail wp-image-840\" src=\"https:\/\/www.bjoerkhyddan.net\/wp\/wp-content\/uploads\/2016\/04\/IMG_0167-150x150.jpg\" alt=\"\" width=\"150\" height=\"150\" srcset=\"https:\/\/www.bjoerkhyddan.net\/wp\/wp-content\/uploads\/2016\/04\/IMG_0167-150x150.jpg 150w, https:\/\/www.bjoerkhyddan.net\/wp\/wp-content\/uploads\/2016\/04\/IMG_0167-1x1.jpg 1w\" sizes=\"auto, (max-width: 150px) 100vw, 150px\" \/><\/a><\/p>\n<p style=\"text-align: center;\"><a title=\"V\u00e5ningar\" href=\"https:\/\/www.bjoerkhyddan.net\/wp\/start\/valkommen\/vaningar\">Gamla Huset<\/a><br \/>\n<a title=\"V\u00e5ningar\" href=\"https:\/\/www.bjoerkhyddan.net\/wp\/start\/valkommen\/vaningar\"> 65 m<sup>2<\/sup><\/a><\/p>\n<p style=\"text-align: center;\">4 s\u00e4ngar<\/p>\n<hr \/>\n<p style=\"text-align: center;\"><a href=\"https:\/\/www.bjoerkhyddan.net\/wp\/start\/valkommen\/villa-ronja\">Sommarstuga<br \/>\n<img loading=\"lazy\" decoding=\"async\" class=\"size-thumbnail wp-image-1355 aligncenter\" src=\"https:\/\/www.bjoerkhyddan.net\/wp\/wp-content\/uploads\/2026\/01\/IMG_0050-150x150.jpeg\" alt=\"\" width=\"150\" height=\"150\" srcset=\"https:\/\/www.bjoerkhyddan.net\/wp\/wp-content\/uploads\/2026\/01\/IMG_0050-150x150.jpeg 150w, https:\/\/www.bjoerkhyddan.net\/wp\/wp-content\/uploads\/2026\/01\/IMG_0050-2x1.jpeg 2w\" sizes=\"auto, (max-width: 150px) 100vw, 150px\" \/>Villa Ronja<\/a><\/p>\n<\/div>\n<\/div><\/div><\/div><div id=\"pgc-w698c900cbe899-3-2\"  class=\"panel-grid-cell panel-grid-cell-empty\" ><\/div><\/div><\/div><\/div><\/div><\/div><\/div><\/div>","protected":false},"excerpt":{"rendered":"<p>&#8230; till Sverige, Sm\u00e5lands nord\u00f6stra del, och V\u00e4sterviks Kommun i Kalmar L\u00e4n. L\u00e5t er f\u00f6rtjusas av den sm\u00e5l\u00e4ndska naturen; djupa skogar, talrika insj\u00f6ar, sk\u00e4rg\u00e5rden med tusentals skyddande \u00f6ar och s\u00e5 Flatvarp med sina karakt\u00e4ristiska varp-\u00f6ar. B &amp; B Bj\u00f6rkhyddan hittar Du i Gamleby, Rumma i b\u00f6rjan av en underbar sm\u00e5l\u00e4ndsk dalg\u00e5ng.\u00a0I Bj\u00f6rkhyddan finns tre semesterl\u00e4genheter. [&hellip;]<\/p>\n","protected":false},"author":1,"featured_media":0,"parent":93,"menu_order":0,"comment_status":"closed","ping_status":"closed","template":"page-templates\/full-width.php","meta":{"_acf_changed":false,"footnotes":""},"class_list":["post-455","page","type-page","status-publish","hentry"],"acf":[],"_links":{"self":[{"href":"https:\/\/www.bjoerkhyddan.net\/wp\/wp-json\/wp\/v2\/pages\/455","targetHints":{"allow":["GET"]}}],"collection":[{"href":"https:\/\/www.bjoerkhyddan.net\/wp\/wp-json\/wp\/v2\/pages"}],"about":[{"href":"https:\/\/www.bjoerkhyddan.net\/wp\/wp-json\/wp\/v2\/types\/page"}],"author":[{"embeddable":true,"href":"https:\/\/www.bjoerkhyddan.net\/wp\/wp-json\/wp\/v2\/users\/1"}],"replies":[{"embeddable":true,"href":"https:\/\/www.bjoerkhyddan.net\/wp\/wp-json\/wp\/v2\/comments?post=455"}],"version-history":[{"count":47,"href":"https:\/\/www.bjoerkhyddan.net\/wp\/wp-json\/wp\/v2\/pages\/455\/revisions"}],"predecessor-version":[{"id":654,"href":"https:\/\/www.bjoerkhyddan.net\/wp\/wp-json\/wp\/v2\/pages\/455\/revisions\/654"}],"up":[{"embeddable":true,"href":"https:\/\/www.bjoerkhyddan.net\/wp\/wp-json\/wp\/v2\/pages\/93"}],"wp:attachment":[{"href":"https:\/\/www.bjoerkhyddan.net\/wp\/wp-json\/wp\/v2\/media?parent=455"}],"curies":[{"name":"wp","href":"https:\/\/api.w.org\/{rel}","templated":true}]}}