{"id":447,"date":"2016-04-20T08:56:25","date_gmt":"2016-04-20T08:56:25","guid":{"rendered":"https:\/\/www.bjoerkhyddan.net\/wp\/?page_id=447"},"modified":"2019-02-28T14:46:12","modified_gmt":"2019-02-28T14:46:12","slug":"447-2","status":"publish","type":"page","link":"https:\/\/www.bjoerkhyddan.net\/wp\/start\/wilkommen\/447-2","title":{"rendered":"Anreise"},"content":{"rendered":"<div id=\"pl-447\"  class=\"panel-layout\" ><div id=\"pg-447-0\"  class=\"panel-grid panel-no-style\" ><div id=\"pgc-447-0-0\"  class=\"panel-grid-cell\" ><div id=\"panel-447-0-0-0\" class=\"so-panel widget widget_sow-editor panel-first-child panel-last-child\" data-index=\"0\" ><div\n\t\t\t\n\t\t\tclass=\"so-widget-sow-editor so-widget-sow-editor-base\"\n\t\t\t\n\t\t>\n<div class=\"siteorigin-widget-tinymce textwidget\">\n\t<p><iframe loading=\"lazy\" style=\"border: 0;\" src=\"https:\/\/www.google.com\/maps\/embed?pb=!1m18!1m12!1m3!1d33704.92040911193!2d16.332896901519746!3d57.9319066644672!2m3!1f0!2f0!3f0!3m2!1i1024!2i768!4f13.1!3m3!1m2!1s0x465853dddf8762b3%3A0x1d3948a627915145!2sBed+%26+Breakfast+Bj%C3%B6rkhyddan!5e0!3m2!1sde!2sse!4v1551359061513\" width=\"600\" height=\"450\" frameborder=\"0\" allowfullscreen=\"allowfullscreen\"><\/iframe><\/p>\n<ul>\n<li><span style=\"font-size: 12pt;\">Auf der E 22 bis Abfahrt\u00a0Gamleby Norr fahren<\/span><\/li>\n<li><span style=\"font-size: 12pt;\">Die Stra\u00dfe\u00a0135 Richtung\u00a0Kisa nehmen<\/span><\/li>\n<li><span style=\"font-size: 12pt;\">Links abbiegen\u00a0\u2013 immer noch Richtung\u00a0Kisa<\/span><\/li>\n<li><span style=\"font-size: 12pt;\">Rechts abbiegen \u2013 Richtung\u00a0Dalhem, Tyllinge<\/span><\/li>\n<li><span style=\"font-size: 12pt;\">Das\u00a0B &amp; B Bj\u00f6rkhyddan ist gegen\u00fcber des Schildes \"Rumma\"<\/span><\/li>\n<\/ul>\n<hr \/>\n<ul>\n<li><span style=\"font-size: 12pt;\">N\u00e4chste Flugh\u00e4fen: Skavsta (Nyk\u00f6ping) 2\u00a0Autostunden - Link\u00f6ping 1 Autostunde entfernt<\/span><\/li>\n<li><span style=\"font-size: 12pt;\">Abhol- und Bringe-Service ist m\u00f6glich.<\/span><\/li>\n<\/ul>\n<\/div>\n<\/div><\/div><\/div><div id=\"pgc-447-0-1\"  class=\"panel-grid-cell\" ><div id=\"panel-447-0-1-0\" class=\"so-panel widget widget_sow-image panel-first-child\" data-index=\"1\" ><div\n\t\t\t\n\t\t\tclass=\"so-widget-sow-image so-widget-sow-image-default-8b5b6f678277-447\"\n\t\t\t\n\t\t>\n<div class=\"sow-image-container\">\n\t\t<img \n\tsrc=\"https:\/\/www.bjoerkhyddan.net\/wp\/wp-content\/uploads\/2016\/04\/En-del-av-destination-Vastervik-vit.gif\" width=\"715\" height=\"58\" sizes=\"(max-width: 715px) 100vw, 715px\" title=\"En del av destination Vastervik vit\" alt=\"\" \t\tclass=\"so-widget-image\"\/>\n\t<\/div>\n\n<\/div><\/div><div id=\"panel-447-0-1-1\" class=\"so-panel widget widget_sow-editor\" data-index=\"2\" ><div class=\"bordered-box panel-widget-style panel-widget-style-for-447-0-1-1\" ><div\n\t\t\t\n\t\t\tclass=\"so-widget-sow-editor so-widget-sow-editor-base\"\n\t\t\t\n\t\t>\n<div class=\"siteorigin-widget-tinymce textwidget\">\n\t<p><a href=\"https:\/\/www.bjoerkhyddan.net\/wp\/wp-content\/uploads\/2019\/02\/Bildschirmfoto-2019-02-28-um-15.14.44.png\"><img loading=\"lazy\" decoding=\"async\" class=\"alignleft wp-image-962 size-medium\" src=\"https:\/\/www.bjoerkhyddan.net\/wp\/wp-content\/uploads\/2019\/02\/Bildschirmfoto-2019-02-28-um-15.14.44-300x219.png\" alt=\"\" width=\"300\" height=\"219\" srcset=\"https:\/\/www.bjoerkhyddan.net\/wp\/wp-content\/uploads\/2019\/02\/Bildschirmfoto-2019-02-28-um-15.14.44-300x219.png 300w, https:\/\/www.bjoerkhyddan.net\/wp\/wp-content\/uploads\/2019\/02\/Bildschirmfoto-2019-02-28-um-15.14.44-1x1.png 1w, https:\/\/www.bjoerkhyddan.net\/wp\/wp-content\/uploads\/2019\/02\/Bildschirmfoto-2019-02-28-um-15.14.44.png 473w\" sizes=\"auto, (max-width: 300px) 100vw, 300px\" \/><\/a><\/p>\n<p><a href=\"https:\/\/www.bjoerkhyddan.net\/wp\/wp-content\/uploads\/2019\/02\/Bildschirmfoto-2019-02-28-um-15.30.26.png\"><img loading=\"lazy\" decoding=\"async\" src=\"https:\/\/www.bjoerkhyddan.net\/wp\/wp-content\/uploads\/2019\/02\/Bildschirmfoto-2019-02-28-um-15.30.26-300x198.png\" alt=\"\" width=\"300\" height=\"219\" class=\"aligncenter size-medium wp-image-965\" \/><\/a><\/p>\n<p><a href=\"https:\/\/www.bjoerkhyddan.net\/wp\/wp-content\/uploads\/2019\/02\/Bildschirmfoto-2019-02-28-um-15.39.46.png\"><img loading=\"lazy\" decoding=\"async\" src=\"https:\/\/www.bjoerkhyddan.net\/wp\/wp-content\/uploads\/2019\/02\/Bildschirmfoto-2019-02-28-um-15.39.46-300x198.png\" alt=\"\" width=\"300\" height=\"198\" class=\"aligncenter size-medium wp-image-968\" srcset=\"https:\/\/www.bjoerkhyddan.net\/wp\/wp-content\/uploads\/2019\/02\/Bildschirmfoto-2019-02-28-um-15.39.46-300x198.png 300w, https:\/\/www.bjoerkhyddan.net\/wp\/wp-content\/uploads\/2019\/02\/Bildschirmfoto-2019-02-28-um-15.39.46-768x507.png 768w, https:\/\/www.bjoerkhyddan.net\/wp\/wp-content\/uploads\/2019\/02\/Bildschirmfoto-2019-02-28-um-15.39.46-1024x676.png 1024w, https:\/\/www.bjoerkhyddan.net\/wp\/wp-content\/uploads\/2019\/02\/Bildschirmfoto-2019-02-28-um-15.39.46-2x1.png 2w, https:\/\/www.bjoerkhyddan.net\/wp\/wp-content\/uploads\/2019\/02\/Bildschirmfoto-2019-02-28-um-15.39.46.png 1090w\" sizes=\"auto, (max-width: 300px) 100vw, 300px\" \/><\/a><\/p>\n<\/div>\n<\/div><\/div><\/div><div id=\"panel-447-0-1-2\" class=\"so-panel widget widget_sow-editor panel-last-child\" data-index=\"3\" ><div\n\t\t\t\n\t\t\tclass=\"so-widget-sow-editor so-widget-sow-editor-base\"\n\t\t\t\n\t\t>\n<div class=\"siteorigin-widget-tinymce textwidget\">\n\t<p>GPS-Data: <br \/>57\u00b056'12.2\"N 16\u00b019'29.8\"E<\/p>\n<\/div>\n<\/div><\/div><\/div><\/div><\/div>","protected":false},"excerpt":{"rendered":"<p>Auf der E 22 bis Abfahrt\u00a0Gamleby Norr fahren Die Stra\u00dfe\u00a0135 Richtung\u00a0Kisa nehmen Links abbiegen\u00a0\u2013 immer noch Richtung\u00a0Kisa Rechts abbiegen \u2013 Richtung\u00a0Dalhem, Tyllinge Das\u00a0B &amp; B Bj\u00f6rkhyddan ist gegen\u00fcber des Schildes &#8222;Rumma&#8220; N\u00e4chste Flugh\u00e4fen: Skavsta (Nyk\u00f6ping) 2\u00a0Autostunden &#8211; Link\u00f6ping 1 Autostunde entfernt Abhol- und Bringe-Service ist m\u00f6glich. GPS-Data: 57\u00b056&#8217;12.2&#8243;N 16\u00b019&#8217;29.8&#8243;E<\/p>\n","protected":false},"author":2,"featured_media":0,"parent":349,"menu_order":0,"comment_status":"closed","ping_status":"open","template":"page-templates\/full-width.php","meta":{"_acf_changed":false,"footnotes":""},"class_list":["post-447","page","type-page","status-publish","hentry"],"acf":[],"_links":{"self":[{"href":"https:\/\/www.bjoerkhyddan.net\/wp\/wp-json\/wp\/v2\/pages\/447","targetHints":{"allow":["GET"]}}],"collection":[{"href":"https:\/\/www.bjoerkhyddan.net\/wp\/wp-json\/wp\/v2\/pages"}],"about":[{"href":"https:\/\/www.bjoerkhyddan.net\/wp\/wp-json\/wp\/v2\/types\/page"}],"author":[{"embeddable":true,"href":"https:\/\/www.bjoerkhyddan.net\/wp\/wp-json\/wp\/v2\/users\/2"}],"replies":[{"embeddable":true,"href":"https:\/\/www.bjoerkhyddan.net\/wp\/wp-json\/wp\/v2\/comments?post=447"}],"version-history":[{"count":23,"href":"https:\/\/www.bjoerkhyddan.net\/wp\/wp-json\/wp\/v2\/pages\/447\/revisions"}],"predecessor-version":[{"id":975,"href":"https:\/\/www.bjoerkhyddan.net\/wp\/wp-json\/wp\/v2\/pages\/447\/revisions\/975"}],"up":[{"embeddable":true,"href":"https:\/\/www.bjoerkhyddan.net\/wp\/wp-json\/wp\/v2\/pages\/349"}],"wp:attachment":[{"href":"https:\/\/www.bjoerkhyddan.net\/wp\/wp-json\/wp\/v2\/media?parent=447"}],"curies":[{"name":"wp","href":"https:\/\/api.w.org\/{rel}","templated":true}]}}