{"id":436,"date":"2016-04-20T08:41:45","date_gmt":"2016-04-20T08:41:45","guid":{"rendered":"https:\/\/www.bjoerkhyddan.net\/wp\/?page_id=436"},"modified":"2026-01-27T09:26:05","modified_gmt":"2026-01-27T09:26:05","slug":"gastgeber-kontakt","status":"publish","type":"page","link":"https:\/\/www.bjoerkhyddan.net\/wp\/start\/wilkommen\/gastgeber-kontakt","title":{"rendered":"Kontakt"},"content":{"rendered":"<div id=\"pl-436\"  class=\"panel-layout\" ><div id=\"pg-436-0\"  class=\"panel-grid panel-no-style\" ><div id=\"pgc-436-0-0\"  class=\"panel-grid-cell\" ><div id=\"panel-436-0-0-0\" class=\"so-panel widget widget_sow-editor panel-first-child\" data-index=\"0\" ><div\n\t\t\t\n\t\t\tclass=\"so-widget-sow-editor so-widget-sow-editor-base\"\n\t\t\t\n\t\t>\n<div class=\"siteorigin-widget-tinymce textwidget\">\n\t<p style=\"font-size: 16.24px; font-style: normal; font-weight: 400; text-align: left;\">Das sind wir:<br \/>\nFred &amp; Maren &amp; Ronja.<\/p>\n<p style=\"padding-left: 280px;\">\n<p><span style=\"font-size: 16.24px;\"><a href=\"https:\/\/www.bjoerkhyddan.net\/wp\/wp-content\/uploads\/2023\/05\/IMG_4934.jpg\"><img loading=\"lazy\" decoding=\"async\" class=\"alignleft wp-image-1263 size-medium\" src=\"https:\/\/www.bjoerkhyddan.net\/wp\/wp-content\/uploads\/2023\/05\/IMG_4934-244x300.jpg\" alt=\"\" width=\"244\" height=\"300\" srcset=\"https:\/\/www.bjoerkhyddan.net\/wp\/wp-content\/uploads\/2023\/05\/IMG_4934-244x300.jpg 244w, https:\/\/www.bjoerkhyddan.net\/wp\/wp-content\/uploads\/2023\/05\/IMG_4934-832x1024.jpg 832w, https:\/\/www.bjoerkhyddan.net\/wp\/wp-content\/uploads\/2023\/05\/IMG_4934-768x946.jpg 768w, https:\/\/www.bjoerkhyddan.net\/wp\/wp-content\/uploads\/2023\/05\/IMG_4934-1247x1536.jpg 1247w, https:\/\/www.bjoerkhyddan.net\/wp\/wp-content\/uploads\/2023\/05\/IMG_4934-1x1.jpg 1w, https:\/\/www.bjoerkhyddan.net\/wp\/wp-content\/uploads\/2023\/05\/IMG_4934.jpg 1664w\" sizes=\"auto, (max-width: 244px) 100vw, 244px\" \/><\/a><\/span><span style=\"font-size: 16.24px;\"><span style=\"font-size: 12pt;\">Wir kommen aus Deutschland und haben nach 7 Jahren in Asien hier in Schweden eine neue Heimat gefunden. Wir lieben die Natur mit allen ihren Facetten. Ob es der Fr\u00fchling ist mit seinem frischem Gr\u00fcn, der Sommer mit seinen langen Tagen, der Herbst mit seinen Beeren und Pilzen oder der Winter mit viel Schnee und seiner M\u00e4rchenlandschaft.<\/span><\/span><\/p>\n<p><span style=\"font-size: 12pt;\">Nachdem wir viele L\u00e4nder bereist haben freuen wir uns nun Ihnen gute Gastgeber zu sein. Die Wohnungen sind nach unseren Erfahrungen beim Reisen ausgebaut. Wir hoffen auch Ihren Geschmack getroffen zu haben.<\/span><\/p>\n<p><span style=\"font-size: 12pt;\">Wir freuen uns auf Sie!<\/span><\/p>\n<p><span style=\"font-size: 12pt;\">Liebe Gr\u00fc\u00dfe Fred &amp; Maren<\/span><\/p>\n<\/div>\n<\/div><\/div><div id=\"panel-436-0-0-1\" class=\"so-panel widget widget_sow-editor panel-last-child\" data-index=\"1\" ><div class=\"panel-widget-style panel-widget-style-for-436-0-0-1\" ><div\n\t\t\t\n\t\t\tclass=\"so-widget-sow-editor so-widget-sow-editor-base\"\n\t\t\t\n\t\t>\n<div class=\"siteorigin-widget-tinymce textwidget\">\n\t<h2>Danksagung:<\/h2>\n<p>Wir m\u00f6chten uns bei allen bedanken, die uns geholfen diese Webseite zu gestalten.<\/p>\n<ul>\n<li>F\u00fcr die\u00a0\u00dcbersetzungen bei Bj\u00f6rn und Inge.<\/li>\n<li>F\u00fcr die Elche - gemalt von Christiane aus Deutschland.<\/li>\n<li>Die Fotos haben wir im Wesentlichen selbst geschossen! Bedanken m\u00f6chten wir uns bei allen G\u00e4sten, die uns ihre Fotos zur Verf\u00fcgung gestellt haben.<\/li>\n<li>Die Webseite ist dank Carolin und Hagen von <a href=\"http:\/\/www.webdesign.kreckow.de\" target=\"_blank\" rel=\"noopener\">Webdesign Kreckow<\/a> immer wieder in Bearbeitung! \ud83d\ude09<\/li>\n<\/ul>\n<\/div>\n<\/div><\/div><\/div><\/div><div id=\"pgc-436-0-1\"  class=\"panel-grid-cell\" ><div id=\"panel-436-0-1-0\" class=\"so-panel widget widget_sow-image panel-first-child\" data-index=\"2\" ><div\n\t\t\t\n\t\t\tclass=\"so-widget-sow-image so-widget-sow-image-default-8b5b6f678277-436\"\n\t\t\t\n\t\t>\n<div class=\"sow-image-container\">\n\t\t<img \n\tsrc=\"https:\/\/www.bjoerkhyddan.net\/wp\/wp-content\/uploads\/2016\/04\/En-del-av-destination-Vastervik-vit.gif\" width=\"715\" height=\"58\" sizes=\"(max-width: 715px) 100vw, 715px\" title=\"En del av destination Vastervik vit\" alt=\"\" \t\tclass=\"so-widget-image\"\/>\n\t<\/div>\n\n<\/div><\/div><div id=\"panel-436-0-1-1\" class=\"so-panel widget widget_sow-editor\" data-index=\"3\" ><div class=\"bordered-box panel-widget-style panel-widget-style-for-436-0-1-1\" ><div\n\t\t\t\n\t\t\tclass=\"so-widget-sow-editor so-widget-sow-editor-base\"\n\t\t\t\n\t\t>\n<div class=\"siteorigin-widget-tinymce textwidget\">\n\t<h2 class=\"Header\" style=\"text-align: center;\">B &amp; B Bj\u00f6rkhyddan<\/h2>\n<p><img loading=\"lazy\" decoding=\"async\" class=\"aligncenter size-full wp-image-441\" src=\"https:\/\/www.bjoerkhyddan.net\/wp\/wp-content\/uploads\/2016\/04\/Schulbank-um-1940-50.jpg\" alt=\"Schulbank um 1940-50\" width=\"130\" height=\"86\" srcset=\"https:\/\/www.bjoerkhyddan.net\/wp\/wp-content\/uploads\/2016\/04\/Schulbank-um-1940-50.jpg 130w, https:\/\/www.bjoerkhyddan.net\/wp\/wp-content\/uploads\/2016\/04\/Schulbank-um-1940-50-1x1.jpg 1w\" sizes=\"auto, (max-width: 130px) 100vw, 130px\" \/><\/p>\n<p style=\"text-align: center;\">Im Fr\u00fchst\u00fccksraum<\/p>\n<\/div>\n<\/div><\/div><\/div><div id=\"panel-436-0-1-2\" class=\"so-panel widget widget_sow-editor\" data-index=\"4\" ><div class=\"bordered-box panel-widget-style panel-widget-style-for-436-0-1-2\" ><div\n\t\t\t\n\t\t\tclass=\"so-widget-sow-editor so-widget-sow-editor-base\"\n\t\t\t\n\t\t>\n<div class=\"siteorigin-widget-tinymce textwidget\">\n\t<p style=\"text-align: center;\"><strong>Registrierungsinfo<br \/>\n<\/strong><strong style=\"font-size: 16.24px;\">&amp;<br \/>\n<\/strong><strong>Kontakt<\/strong><\/p>\n<p style=\"text-align: center;\">Maren Ziechmann<br \/>\nRumma Bj\u00f6rkhyddan<br \/>\n59492 Gamleby<br \/>\nSweden<\/p>\n<p style=\"text-align: center;\">Mobil: +46-722043050<br \/>\noder email:<br \/>\nmaren(@)bjoerkhyddan.net<\/p>\n<\/div>\n<\/div><\/div><\/div><div id=\"panel-436-0-1-3\" class=\"so-panel widget widget_sow-editor panel-last-child\" data-index=\"5\" ><div\n\t\t\t\n\t\t\tclass=\"so-widget-sow-editor so-widget-sow-editor-base\"\n\t\t\t\n\t\t>\n<div class=\"siteorigin-widget-tinymce textwidget\">\n\t<p><a href=\"https:\/\/www.bjoerkhyddan.net\/wp\/start\/wilkommen\/datenschutzerklaerung\">Datenschutzerkl\u00e4rung und Haftungsausschluss<\/a><\/p>\n<p><a href=\"https:\/\/www.bjoerkhyddan.net\/wp\/wp-content\/uploads\/2016\/04\/AGB-BuB.pdf\">AGB<\/a><\/p>\n<\/div>\n<\/div><\/div><\/div><\/div><\/div>","protected":false},"excerpt":{"rendered":"<p>Das sind wir: Fred &amp; Maren &amp; Ronja. Wir kommen aus Deutschland und haben nach 7 Jahren in Asien hier in Schweden eine neue Heimat gefunden. Wir lieben die Natur mit allen ihren Facetten. Ob es der Fr\u00fchling ist mit seinem frischem Gr\u00fcn, der Sommer mit seinen langen Tagen, der Herbst mit seinen Beeren und [&hellip;]<\/p>\n","protected":false},"author":2,"featured_media":0,"parent":349,"menu_order":0,"comment_status":"closed","ping_status":"open","template":"page-templates\/full-width.php","meta":{"_acf_changed":false,"footnotes":""},"class_list":["post-436","page","type-page","status-publish","hentry"],"acf":[],"_links":{"self":[{"href":"https:\/\/www.bjoerkhyddan.net\/wp\/wp-json\/wp\/v2\/pages\/436","targetHints":{"allow":["GET"]}}],"collection":[{"href":"https:\/\/www.bjoerkhyddan.net\/wp\/wp-json\/wp\/v2\/pages"}],"about":[{"href":"https:\/\/www.bjoerkhyddan.net\/wp\/wp-json\/wp\/v2\/types\/page"}],"author":[{"embeddable":true,"href":"https:\/\/www.bjoerkhyddan.net\/wp\/wp-json\/wp\/v2\/users\/2"}],"replies":[{"embeddable":true,"href":"https:\/\/www.bjoerkhyddan.net\/wp\/wp-json\/wp\/v2\/comments?post=436"}],"version-history":[{"count":61,"href":"https:\/\/www.bjoerkhyddan.net\/wp\/wp-json\/wp\/v2\/pages\/436\/revisions"}],"predecessor-version":[{"id":757,"href":"https:\/\/www.bjoerkhyddan.net\/wp\/wp-json\/wp\/v2\/pages\/436\/revisions\/757"}],"up":[{"embeddable":true,"href":"https:\/\/www.bjoerkhyddan.net\/wp\/wp-json\/wp\/v2\/pages\/349"}],"wp:attachment":[{"href":"https:\/\/www.bjoerkhyddan.net\/wp\/wp-json\/wp\/v2\/media?parent=436"}],"curies":[{"name":"wp","href":"https:\/\/api.w.org\/{rel}","templated":true}]}}