{"id":349,"date":"2016-04-25T10:00:05","date_gmt":"2016-04-25T10:00:05","guid":{"rendered":"https:\/\/www.bjoerkhyddan.net\/wp\/?page_id=349"},"modified":"2026-01-26T13:24:44","modified_gmt":"2026-01-26T13:24:44","slug":"wilkommen","status":"publish","type":"page","link":"https:\/\/www.bjoerkhyddan.net\/wp\/start\/wilkommen","title":{"rendered":"Willkommen"},"content":{"rendered":"<div id=\"pl-349\"  class=\"panel-layout\" ><div id=\"pg-349-0\"  class=\"panel-grid panel-no-style\" ><div id=\"pgc-349-0-0\"  class=\"panel-grid-cell\" ><div id=\"panel-349-0-0-0\" class=\"so-panel widget widget_sow-editor panel-first-child\" data-index=\"0\" ><div\n\t\t\t\n\t\t\tclass=\"so-widget-sow-editor so-widget-sow-editor-base\"\n\t\t\t\n\t\t>\n<div class=\"siteorigin-widget-tinymce textwidget\">\n\t<p><img loading=\"lazy\" decoding=\"async\" class=\"alignright size-full wp-image-352\" src=\"https:\/\/www.bjoerkhyddan.net\/wp\/wp-content\/uploads\/2016\/04\/smaland.gif\" alt=\"smaland\" width=\"200\" height=\"190\" \/>Willkommen in Schweden, der Provinz Sm\u00e5land, dem Landkreis Kalmar L\u00e4n und der Kommune V\u00e4stervik! Lassen sie sich bezaubern von der typischen sm\u00e5l\u00e4ndischen Landschaft mit ihren W\u00e4ldern, unz\u00e4hligen Seen und Sch\u00e4ren, den kleinen vorgelagerten Inseln, deren besonderem Zauber man sich schwer entziehen kann.<\/p>\n<p>Das Bed &amp; Breakfast Bj\u00f6rkhyddan steht am Anfang eines wundersch\u00f6nen Tals. Gleich hinterm Haus ist eine Isl\u00e4nder-Pferdezucht. Der See Rummen ist ca. 1,5 km, die Ostsee und das K\u00fcstenst\u00e4dchen Gamleby ist 7 km von uns entfernt.<\/p>\n<p>Drei gem\u00fctlich eingerichtete Ferienwohnungen (<a href=\"https:\/\/www.facebook.com\/BuBBjoerkhyddan\/videos\/1071937036275198\/\" target=\"_blank\" rel=\"noopener noreferrer\">eine davon barrierefrei<\/a>) warten auf Sie! Ob Sie einfach nur mit einem guten Buch in unserem Garten entspannen wollen oder ausgedehnte Wanderungen oder Radtouren machen wollen - wir freuen uns auf Ihren Besuch!<\/p>\n<p style=\"text-align: center;\"><span style=\"color: #00ff00; font-size: 14pt;\">Sie kommen mit einem Elektro Auto? <\/span><br \/>\n<span style=\"color: #00ff00; font-size: 14pt;\">Willkommen! Bei uns k\u00f6nnen sie \u00fcber Nacht ihr Auto laden!<\/span><\/p>\n<\/div>\n<\/div><\/div><div id=\"panel-349-0-0-1\" class=\"so-panel widget widget_siteorigin-panels-builder\" data-index=\"1\" ><div id=\"pl-w62616045909aa\"  class=\"panel-layout\" ><div id=\"pg-w62616045909aa-0\"  class=\"panel-grid panel-no-style\" ><div id=\"pgc-w62616045909aa-0-0\"  class=\"panel-grid-cell\" ><div id=\"panel-w62616045909aa-0-0-0\" class=\"so-panel widget widget_sow-image panel-first-child panel-last-child\" data-index=\"0\" ><div\n\t\t\t\n\t\t\tclass=\"so-widget-sow-image so-widget-sow-image-default-8b5b6f678277\"\n\t\t\t\n\t\t>\n<div class=\"sow-image-container\">\n\t\t<img \n\tsrc=\"https:\/\/www.bjoerkhyddan.net\/wp\/wp-content\/uploads\/2016\/04\/Virum-alg_043-300x200.jpg\" width=\"300\" height=\"200\" srcset=\"https:\/\/www.bjoerkhyddan.net\/wp\/wp-content\/uploads\/2016\/04\/Virum-alg_043-300x200.jpg 300w, https:\/\/www.bjoerkhyddan.net\/wp\/wp-content\/uploads\/2016\/04\/Virum-alg_043-1x1.jpg 1w, https:\/\/www.bjoerkhyddan.net\/wp\/wp-content\/uploads\/2016\/04\/Virum-alg_043-272x182.jpg 272w, https:\/\/www.bjoerkhyddan.net\/wp\/wp-content\/uploads\/2016\/04\/Virum-alg_043.jpg 640w\" sizes=\"(max-width: 300px) 100vw, 300px\" title=\"Virum alg_043\" alt=\"\" \t\tclass=\"so-widget-image\"\/>\n\t<\/div>\n\n<\/div><\/div><\/div><div id=\"pgc-w62616045909aa-0-1\"  class=\"panel-grid-cell\" ><div id=\"panel-w62616045909aa-0-1-0\" class=\"so-panel widget widget_sow-image panel-first-child panel-last-child\" data-index=\"1\" ><div\n\t\t\t\n\t\t\tclass=\"so-widget-sow-image so-widget-sow-image-default-8b5b6f678277\"\n\t\t\t\n\t\t>\n<div class=\"sow-image-container\">\n\t\t<img \n\tsrc=\"https:\/\/www.bjoerkhyddan.net\/wp\/wp-content\/uploads\/2021\/02\/IMG_0400-300x200.jpg\" width=\"300\" height=\"200\" srcset=\"https:\/\/www.bjoerkhyddan.net\/wp\/wp-content\/uploads\/2021\/02\/IMG_0400-300x200.jpg 300w, https:\/\/www.bjoerkhyddan.net\/wp\/wp-content\/uploads\/2021\/02\/IMG_0400-768x512.jpg 768w, https:\/\/www.bjoerkhyddan.net\/wp\/wp-content\/uploads\/2021\/02\/IMG_0400-1024x683.jpg 1024w, https:\/\/www.bjoerkhyddan.net\/wp\/wp-content\/uploads\/2021\/02\/IMG_0400-2x1.jpg 2w, https:\/\/www.bjoerkhyddan.net\/wp\/wp-content\/uploads\/2021\/02\/IMG_0400-272x182.jpg 272w\" sizes=\"(max-width: 300px) 100vw, 300px\" alt=\"\" \t\tclass=\"so-widget-image\"\/>\n\t<\/div>\n\n<\/div><\/div><\/div><div id=\"pgc-w62616045909aa-0-2\"  class=\"panel-grid-cell\" ><div id=\"panel-w62616045909aa-0-2-0\" class=\"so-panel widget widget_sow-image panel-first-child panel-last-child\" data-index=\"2\" ><div\n\t\t\t\n\t\t\tclass=\"so-widget-sow-image so-widget-sow-image-default-8b5b6f678277\"\n\t\t\t\n\t\t>\n<div class=\"sow-image-container\">\n\t\t<img \n\tsrc=\"https:\/\/www.bjoerkhyddan.net\/wp\/wp-content\/uploads\/2016\/04\/Baerbel_Werner_Schaeren_01-300x192.jpg\" width=\"300\" height=\"192\" srcset=\"https:\/\/www.bjoerkhyddan.net\/wp\/wp-content\/uploads\/2016\/04\/Baerbel_Werner_Schaeren_01-300x192.jpg 300w, https:\/\/www.bjoerkhyddan.net\/wp\/wp-content\/uploads\/2016\/04\/Baerbel_Werner_Schaeren_01-1024x658.jpg 1024w, https:\/\/www.bjoerkhyddan.net\/wp\/wp-content\/uploads\/2016\/04\/Baerbel_Werner_Schaeren_01-1x1.jpg 1w\" sizes=\"(max-width: 300px) 100vw, 300px\" alt=\"\" \t\tclass=\"so-widget-image\"\/>\n\t<\/div>\n\n<\/div><\/div><\/div><\/div><\/div><\/div><div id=\"panel-349-0-0-2\" class=\"so-panel widget widget_sow-editor panel-last-child\" data-index=\"2\" ><div\n\t\t\t\n\t\t\tclass=\"so-widget-sow-editor so-widget-sow-editor-base\"\n\t\t\t\n\t\t>\n<div class=\"siteorigin-widget-tinymce textwidget\">\n\t<p>Wir haben einen Neuzugang! Unsere <strong><a href=\"https:\/\/www.bjoerkhyddan.net\/wp\/start\/wilkommen\/villa ronja\">Villa Ronja<\/a><\/strong> ist bezugsfertig!<\/p>\n<p><strong><a href=\"http:\/\/nikyceria.blogspot.it\/search\/label\/Vastervik\" target=\"_blank\" rel=\"noopener\">Klettern auf italienisch hier bei uns!<\/a><\/strong><\/p>\n<p><a title=\"Album\" href=\"https:\/\/www.bjoerkhyddan.net\/wp\/start\/wilkommen\/album\"><strong>Fotos vom B &amp; B, der Umgebung und m\u00f6glichen Aktivit\u00e4ten<\/strong><\/a><\/p>\n<\/div>\n<\/div><\/div><\/div><div id=\"pgc-349-0-1\"  class=\"panel-grid-cell\" ><div id=\"panel-349-0-1-0\" class=\"so-panel widget widget_sow-image panel-first-child\" data-index=\"3\" ><div\n\t\t\t\n\t\t\tclass=\"so-widget-sow-image so-widget-sow-image-default-8b5b6f678277-349\"\n\t\t\t\n\t\t>\n<div class=\"sow-image-container\">\n\t\t<img \n\tsrc=\"https:\/\/www.bjoerkhyddan.net\/wp\/wp-content\/uploads\/2016\/04\/En-del-av-destination-Vastervik-vit.gif\" width=\"715\" height=\"58\" sizes=\"(max-width: 715px) 100vw, 715px\" title=\"En del av destination Vastervik vit\" alt=\"\" \t\tclass=\"so-widget-image\"\/>\n\t<\/div>\n\n<\/div><\/div><div id=\"panel-349-0-1-1\" class=\"so-panel widget widget_siteorigin-panels-builder panel-last-child\" data-index=\"4\" ><div class=\"bordered-box panel-widget-style panel-widget-style-for-349-0-1-1\" ><div id=\"pl-w69776b1cb18bf\"  class=\"panel-layout\" ><div id=\"pg-w69776b1cb18bf-0\"  class=\"panel-grid panel-no-style\" ><div id=\"pgc-w69776b1cb18bf-0-0\"  class=\"panel-grid-cell\" ><div id=\"panel-w69776b1cb18bf-0-0-0\" class=\"so-panel widget widget_sow-editor panel-first-child panel-last-child\" data-index=\"0\" ><div class=\"panel-widget-style panel-widget-style-for-w69776b1cb18bf-0-0-0\" ><div\n\t\t\t\n\t\t\tclass=\"so-widget-sow-editor so-widget-sow-editor-base\"\n\t\t\t\n\t\t>\n<div class=\"siteorigin-widget-tinymce textwidget\">\n\t<p style=\"text-align: center;\"><span style=\"font-size: 12pt;\">Unsere Ferienwohnungen:<\/span><\/p>\n<\/div>\n<\/div><\/div><\/div><\/div><\/div><div id=\"pg-w69776b1cb18bf-1\"  class=\"panel-grid panel-no-style\" ><div id=\"pgc-w69776b1cb18bf-1-0\"  class=\"panel-grid-cell\" ><div id=\"panel-w69776b1cb18bf-1-0-0\" class=\"so-panel widget widget_sow-editor panel-first-child panel-last-child\" data-index=\"1\" ><div\n\t\t\t\n\t\t\tclass=\"so-widget-sow-editor so-widget-sow-editor-base\"\n\t\t\t\n\t\t>\n<div class=\"siteorigin-widget-tinymce textwidget\">\n\t<p style=\"text-align: center;\"><a href=\"https:\/\/www.bjoerkhyddan.net\/wp\/start\/wilkommen\/ferienwohnungen\"><img loading=\"lazy\" decoding=\"async\" class=\"aligncenter size-thumbnail wp-image-849\" src=\"https:\/\/www.bjoerkhyddan.net\/wp\/wp-content\/uploads\/2016\/04\/Solstra\u030ale1-150x150.jpg\" alt=\"\" width=\"150\" height=\"150\" srcset=\"https:\/\/www.bjoerkhyddan.net\/wp\/wp-content\/uploads\/2016\/04\/Solstra\u030ale1-150x150.jpg 150w, https:\/\/www.bjoerkhyddan.net\/wp\/wp-content\/uploads\/2016\/04\/Solstra\u030ale1-1x1.jpg 1w\" sizes=\"auto, (max-width: 150px) 100vw, 150px\" \/><\/a><a href=\"https:\/\/www.bjoerkhyddan.net\/wp\/start\/wilkommen\/ferienwohnungen\">Solstr\u00e5le <br \/>25 m<sup>2<\/sup><\/a><br \/> <span style=\"font-size: 10pt;\">2 Betten<br \/><\/span><\/p>\n<\/div>\n<\/div><\/div><\/div><div id=\"pgc-w69776b1cb18bf-1-1\"  class=\"panel-grid-cell\" ><div id=\"panel-w69776b1cb18bf-1-1-0\" class=\"so-panel widget widget_sow-editor panel-first-child panel-last-child\" data-index=\"2\" ><div\n\t\t\t\n\t\t\tclass=\"so-widget-sow-editor so-widget-sow-editor-base\"\n\t\t\t\n\t\t>\n<div class=\"siteorigin-widget-tinymce textwidget\">\n\t<p style=\"text-align: center;\"><a href=\"https:\/\/www.bjoerkhyddan.net\/wp\/start\/wilkommen\/ferienwohnungen\"><img loading=\"lazy\" decoding=\"async\" class=\"aligncenter wp-image-246\" src=\"https:\/\/www.bjoerkhyddan.net\/wp\/wp-content\/uploads\/2016\/04\/Droemvaerld_13-150x150.jpg\" alt=\"Droemvaerld\" width=\"100\" height=\"100\" srcset=\"https:\/\/www.bjoerkhyddan.net\/wp\/wp-content\/uploads\/2016\/04\/Droemvaerld_13-150x150.jpg 150w, https:\/\/www.bjoerkhyddan.net\/wp\/wp-content\/uploads\/2016\/04\/Droemvaerld_13-1x1.jpg 1w\" sizes=\"auto, (max-width: 100px) 100vw, 100px\" \/><\/a><a title=\"Ferienwohnungen\" href=\"https:\/\/www.bjoerkhyddan.net\/wp\/start\/wilkommen\/ferienwohnungen\">Dr\u00f6mv\u00e4rld<br \/> 32 m<sup>2<\/sup><\/a><br \/><span style=\"font-size: 10pt;\">3 Betten<\/span><\/p>\n<\/div>\n<\/div><\/div><\/div><\/div><div id=\"pg-w69776b1cb18bf-2\"  class=\"panel-grid panel-no-style\" ><div id=\"pgc-w69776b1cb18bf-2-0\"  class=\"panel-grid-cell panel-grid-cell-empty\" ><\/div><div id=\"pgc-w69776b1cb18bf-2-1\"  class=\"panel-grid-cell panel-grid-cell-mobile-last\" ><div id=\"panel-w69776b1cb18bf-2-1-0\" class=\"so-panel widget widget_sow-editor panel-first-child panel-last-child\" data-index=\"3\" ><div\n\t\t\t\n\t\t\tclass=\"so-widget-sow-editor so-widget-sow-editor-base\"\n\t\t\t\n\t\t>\n<div class=\"siteorigin-widget-tinymce textwidget\">\n\t<p style=\"text-align: left;\"><a href=\"https:\/\/www.bjoerkhyddan.net\/wp\/start\/wilkommen\/ferienwohnungen\"><img loading=\"lazy\" decoding=\"async\" class=\"aligncenter size-thumbnail wp-image-840\" src=\"https:\/\/www.bjoerkhyddan.net\/wp\/wp-content\/uploads\/2016\/04\/IMG_0167-150x150.jpg\" alt=\"\" width=\"150\" height=\"150\" srcset=\"https:\/\/www.bjoerkhyddan.net\/wp\/wp-content\/uploads\/2016\/04\/IMG_0167-150x150.jpg 150w, https:\/\/www.bjoerkhyddan.net\/wp\/wp-content\/uploads\/2016\/04\/IMG_0167-1x1.jpg 1w\" sizes=\"auto, (max-width: 150px) 100vw, 150px\" \/><\/a><\/p>\n<p style=\"text-align: center;\"><a title=\"Ferienwohnungen\" href=\"https:\/\/www.bjoerkhyddan.net\/wp\/start\/wilkommen\/ferienwohnungen\">Gamla Huset<br \/>\n<\/a><a title=\"Ferienwohnungen\" href=\"https:\/\/www.bjoerkhyddan.net\/wp\/start\/wilkommen\/ferienwohnungen\">65 m<sup>2<\/sup><\/a><br \/>\n<span style=\"font-size: 10pt;\">4 Betten<\/span><\/p>\n<\/div>\n<\/div><\/div><\/div><div id=\"pgc-w69776b1cb18bf-2-2\"  class=\"panel-grid-cell panel-grid-cell-empty\" ><\/div><\/div><div id=\"pg-w69776b1cb18bf-3\"  class=\"panel-grid panel-no-style\" ><div id=\"pgc-w69776b1cb18bf-3-0\"  class=\"panel-grid-cell\" ><div id=\"panel-w69776b1cb18bf-3-0-0\" class=\"so-panel widget widget_sow-editor panel-first-child panel-last-child\" data-index=\"4\" ><div\n\t\t\t\n\t\t\tclass=\"so-widget-sow-editor so-widget-sow-editor-base\"\n\t\t\t\n\t\t>\n<div class=\"siteorigin-widget-tinymce textwidget\">\n\t<p>Aufbettung m\u00f6glich.<br \/>\n<a href=\"https:\/\/www.facebook.com\/BuBBjoerkhyddan\/videos\/1071937036275198\/\" target=\"_blank\" rel=\"noopener noreferrer\">Dr\u00f6mv\u00e4rld ist barrierefrei eingerichtet.<\/a><\/p>\n<hr \/>\n<p style=\"text-align: center;\"><a href=\"https:\/\/www.bjoerkhyddan.net\/wp\/start\/wilkommen\/villa-ronja\">Ferienhaus<br \/>\n<img loading=\"lazy\" decoding=\"async\" class=\"size-thumbnail wp-image-1355 aligncenter\" src=\"https:\/\/www.bjoerkhyddan.net\/wp\/wp-content\/uploads\/2026\/01\/IMG_0050-150x150.jpeg\" alt=\"\" width=\"150\" height=\"150\" srcset=\"https:\/\/www.bjoerkhyddan.net\/wp\/wp-content\/uploads\/2026\/01\/IMG_0050-150x150.jpeg 150w, https:\/\/www.bjoerkhyddan.net\/wp\/wp-content\/uploads\/2026\/01\/IMG_0050-2x1.jpeg 2w\" sizes=\"auto, (max-width: 150px) 100vw, 150px\" \/>Villa Roja<\/a><\/p>\n<\/div>\n<\/div><\/div><\/div><\/div><\/div><\/div><\/div><\/div><\/div><\/div>","protected":false},"excerpt":{"rendered":"<p>Willkommen in Schweden, der Provinz Sm\u00e5land, dem Landkreis Kalmar L\u00e4n und der Kommune V\u00e4stervik! Lassen sie sich bezaubern von der typischen sm\u00e5l\u00e4ndischen Landschaft mit ihren W\u00e4ldern, unz\u00e4hligen Seen und Sch\u00e4ren, den kleinen vorgelagerten Inseln, deren besonderem Zauber man sich schwer entziehen kann. Das Bed &amp; Breakfast Bj\u00f6rkhyddan steht am Anfang eines wundersch\u00f6nen Tals. Gleich hinterm [&hellip;]<\/p>\n","protected":false},"author":1,"featured_media":0,"parent":93,"menu_order":0,"comment_status":"closed","ping_status":"closed","template":"page-templates\/full-width.php","meta":{"_acf_changed":false,"footnotes":""},"class_list":["post-349","page","type-page","status-publish","hentry"],"acf":[],"_links":{"self":[{"href":"https:\/\/www.bjoerkhyddan.net\/wp\/wp-json\/wp\/v2\/pages\/349","targetHints":{"allow":["GET"]}}],"collection":[{"href":"https:\/\/www.bjoerkhyddan.net\/wp\/wp-json\/wp\/v2\/pages"}],"about":[{"href":"https:\/\/www.bjoerkhyddan.net\/wp\/wp-json\/wp\/v2\/types\/page"}],"author":[{"embeddable":true,"href":"https:\/\/www.bjoerkhyddan.net\/wp\/wp-json\/wp\/v2\/users\/1"}],"replies":[{"embeddable":true,"href":"https:\/\/www.bjoerkhyddan.net\/wp\/wp-json\/wp\/v2\/comments?post=349"}],"version-history":[{"count":57,"href":"https:\/\/www.bjoerkhyddan.net\/wp\/wp-json\/wp\/v2\/pages\/349\/revisions"}],"predecessor-version":[{"id":685,"href":"https:\/\/www.bjoerkhyddan.net\/wp\/wp-json\/wp\/v2\/pages\/349\/revisions\/685"}],"up":[{"embeddable":true,"href":"https:\/\/www.bjoerkhyddan.net\/wp\/wp-json\/wp\/v2\/pages\/93"}],"wp:attachment":[{"href":"https:\/\/www.bjoerkhyddan.net\/wp\/wp-json\/wp\/v2\/media?parent=349"}],"curies":[{"name":"wp","href":"https:\/\/api.w.org\/{rel}","templated":true}]}}