{"id":10,"date":"2016-04-05T14:51:41","date_gmt":"2016-04-05T12:51:41","guid":{"rendered":"http:\/\/enkelt.lindstromrombo.se\/bjorkhyddan\/?page_id=10"},"modified":"2026-02-11T14:53:23","modified_gmt":"2026-02-11T14:53:23","slug":"english","status":"publish","type":"page","link":"https:\/\/www.bjoerkhyddan.net\/wp\/start\/english","title":{"rendered":"Welcome"},"content":{"rendered":"<div id=\"pl-10\"  class=\"panel-layout\" ><div id=\"pg-10-0\"  class=\"panel-grid panel-no-style\" ><div id=\"pgc-10-0-0\"  class=\"panel-grid-cell\" ><div id=\"panel-10-0-0-0\" class=\"so-panel widget widget_siteorigin-panels-builder panel-first-child\" data-index=\"0\" ><div id=\"pl-w598c9231b23a3\"  class=\"panel-layout\" ><div id=\"pg-w598c9231b23a3-0\"  class=\"panel-grid panel-no-style\" ><div id=\"pgc-w598c9231b23a3-0-0\"  class=\"panel-grid-cell\" ><div id=\"panel-w598c9231b23a3-0-0-0\" class=\"so-panel widget widget_sow-editor panel-first-child panel-last-child\" data-index=\"0\" ><div\n\t\t\t\n\t\t\tclass=\"so-widget-sow-editor so-widget-sow-editor-base\"\n\t\t\t\n\t\t>\n<div class=\"siteorigin-widget-tinymce textwidget\">\n\t<p>Welcome in Sweden, in the province of Sm\u00e5land, the region of Kalmar L\u00e4n and the municipality of V\u00e4stervik! Enter into the magic of the typical Sm\u00e5land countryside with forests, countless lakes and the archipelago with the small offshore islands. It is difficult not to get caught by the fascination this area transmits.<\/p>\n<\/div>\n<\/div><\/div><\/div><div id=\"pgc-w598c9231b23a3-0-1\"  class=\"panel-grid-cell\" ><div id=\"panel-w598c9231b23a3-0-1-0\" class=\"so-panel widget widget_sow-image panel-first-child panel-last-child\" data-index=\"1\" ><div\n\t\t\t\n\t\t\tclass=\"so-widget-sow-image so-widget-sow-image-default-8b5b6f678277\"\n\t\t\t\n\t\t>\n<div class=\"sow-image-container\">\n\t\t<img \n\tsrc=\"https:\/\/www.bjoerkhyddan.net\/wp\/wp-content\/uploads\/2016\/04\/smaland.gif\" width=\"200\" height=\"190\" sizes=\"(max-width: 200px) 100vw, 200px\" alt=\"\" \t\tclass=\"so-widget-image\"\/>\n\t<\/div>\n\n<\/div><\/div><\/div><\/div><\/div><\/div><div id=\"panel-10-0-0-1\" class=\"so-panel widget widget_sow-editor\" data-index=\"1\" ><div\n\t\t\t\n\t\t\tclass=\"so-widget-sow-editor so-widget-sow-editor-base\"\n\t\t\t\n\t\t>\n<div class=\"siteorigin-widget-tinymce textwidget\">\n\t<p>The B &amp; B Bj\u00f6rkhyddan is located at the beginning of a beautiful valley. An Island horse breeding is right behind the building. You can ride the horses or simply caress them. The Rummen-lake is only about 800 mtrs away from the B &amp; B home. The Baltic Sea can be reached at the coastal town of Gamleby in 7 kms.<\/p>\n<p>Three snuggly furnished vacation flats (<a href=\"https:\/\/www.facebook.com\/BuBBjoerkhyddan\/videos\/1071937036275198\/\" target=\"_blank\" rel=\"noopener noreferrer\">one of them accessible for disabled<\/a>) are waiting for you! If you simply want to relax with a good book in our garden or you want to go for extended walks or bike tours \u2013 we are looking forward to your visit!<\/p>\n<p style=\"text-align: center;\"><span style=\"color: #00ff00; font-size: 14pt;\">You are traveling with el-car?<br \/>\n<\/span><span style=\"color: #00ff00; font-size: 14pt;\">Welcome to charge over night!<\/span><\/p>\n<\/div>\n<\/div><\/div><div id=\"panel-10-0-0-2\" class=\"so-panel widget widget_siteorigin-panels-builder\" data-index=\"2\" ><div id=\"pl-w6037b24428244\"  class=\"panel-layout\" ><div id=\"pg-w6037b24428244-0\"  class=\"panel-grid panel-no-style\" ><div id=\"pgc-w6037b24428244-0-0\"  class=\"panel-grid-cell\" ><div id=\"panel-w6037b24428244-0-0-0\" class=\"so-panel widget widget_sow-image panel-first-child panel-last-child\" data-index=\"0\" ><div\n\t\t\t\n\t\t\tclass=\"so-widget-sow-image so-widget-sow-image-default-c67d20f9f743\"\n\t\t\t\n\t\t>\n<div class=\"sow-image-container\">\n\t\t<img \n\tsrc=\"https:\/\/www.bjoerkhyddan.net\/wp\/wp-content\/uploads\/2016\/04\/Baerbel_Werner_Schaeren_011.jpg\" width=\"640\" height=\"411\" srcset=\"https:\/\/www.bjoerkhyddan.net\/wp\/wp-content\/uploads\/2016\/04\/Baerbel_Werner_Schaeren_011.jpg 640w, https:\/\/www.bjoerkhyddan.net\/wp\/wp-content\/uploads\/2016\/04\/Baerbel_Werner_Schaeren_011-300x192.jpg 300w, https:\/\/www.bjoerkhyddan.net\/wp\/wp-content\/uploads\/2016\/04\/Baerbel_Werner_Schaeren_011-1x1.jpg 1w\" sizes=\"(max-width: 640px) 100vw, 640px\" title=\"Baerbel_Werner_Schaeren_01\" alt=\"\" \t\tclass=\"so-widget-image\"\/>\n\t<\/div>\n\n<\/div><\/div><\/div><div id=\"pgc-w6037b24428244-0-1\"  class=\"panel-grid-cell\" ><div id=\"panel-w6037b24428244-0-1-0\" class=\"so-panel widget widget_sow-image panel-first-child panel-last-child\" data-index=\"1\" ><div\n\t\t\t\n\t\t\tclass=\"so-widget-sow-image so-widget-sow-image-default-c67d20f9f743\"\n\t\t\t\n\t\t>\n<div class=\"sow-image-container\">\n\t\t<img \n\tsrc=\"https:\/\/www.bjoerkhyddan.net\/wp\/wp-content\/uploads\/2021\/02\/IMG_0400.jpg\" width=\"2268\" height=\"1512\" srcset=\"https:\/\/www.bjoerkhyddan.net\/wp\/wp-content\/uploads\/2021\/02\/IMG_0400.jpg 2268w, https:\/\/www.bjoerkhyddan.net\/wp\/wp-content\/uploads\/2021\/02\/IMG_0400-300x200.jpg 300w, https:\/\/www.bjoerkhyddan.net\/wp\/wp-content\/uploads\/2021\/02\/IMG_0400-768x512.jpg 768w, https:\/\/www.bjoerkhyddan.net\/wp\/wp-content\/uploads\/2021\/02\/IMG_0400-1024x683.jpg 1024w, https:\/\/www.bjoerkhyddan.net\/wp\/wp-content\/uploads\/2021\/02\/IMG_0400-2x1.jpg 2w, https:\/\/www.bjoerkhyddan.net\/wp\/wp-content\/uploads\/2021\/02\/IMG_0400-272x182.jpg 272w\" sizes=\"(max-width: 2268px) 100vw, 2268px\" alt=\"\" \t\tclass=\"so-widget-image\"\/>\n\t<\/div>\n\n<\/div><\/div><\/div><div id=\"pgc-w6037b24428244-0-2\"  class=\"panel-grid-cell\" ><div id=\"panel-w6037b24428244-0-2-0\" class=\"so-panel widget widget_sow-image panel-first-child panel-last-child\" data-index=\"2\" ><div\n\t\t\t\n\t\t\tclass=\"so-widget-sow-image so-widget-sow-image-default-c67d20f9f743\"\n\t\t\t\n\t\t>\n<div class=\"sow-image-container\">\n\t\t<img \n\tsrc=\"https:\/\/www.bjoerkhyddan.net\/wp\/wp-content\/uploads\/2016\/04\/Virum-alg_043.jpg\" width=\"640\" height=\"427\" srcset=\"https:\/\/www.bjoerkhyddan.net\/wp\/wp-content\/uploads\/2016\/04\/Virum-alg_043.jpg 640w, https:\/\/www.bjoerkhyddan.net\/wp\/wp-content\/uploads\/2016\/04\/Virum-alg_043-300x200.jpg 300w, https:\/\/www.bjoerkhyddan.net\/wp\/wp-content\/uploads\/2016\/04\/Virum-alg_043-1x1.jpg 1w, https:\/\/www.bjoerkhyddan.net\/wp\/wp-content\/uploads\/2016\/04\/Virum-alg_043-272x182.jpg 272w\" sizes=\"(max-width: 640px) 100vw, 640px\" title=\"Virum alg_043\" alt=\"\" \t\tclass=\"so-widget-image\"\/>\n\t<\/div>\n\n<\/div><\/div><\/div><\/div><\/div><\/div><div id=\"panel-10-0-0-3\" class=\"so-panel widget widget_sow-editor panel-last-child\" data-index=\"3\" ><div\n\t\t\t\n\t\t\tclass=\"so-widget-sow-editor so-widget-sow-editor-base\"\n\t\t\t\n\t\t>\n<div class=\"siteorigin-widget-tinymce textwidget\">\n\t<p style=\"text-align: center;\">We have a new arrival!<\/p>\n<p style=\"text-align: center;\">Our <a href=\"https:\/\/www.bjoerkhyddan.net\/wp\/start\/english\/villa-ronja-2\">Villa Ronja<\/a> is ready for occupancy!<\/p>\n<p>&nbsp;<\/p>\n<p style=\"text-align: center;\"><a class=\"Standard\" href=\"http:\/\/nikyceria.blogspot.it\/search\/label\/Vastervik\" target=\"_blank\" rel=\"noopener\"><strong>Climbing people from Italy in our B &amp; B!<\/strong><\/a><\/p>\n<p style=\"text-align: center;\"><a title=\"Album\" href=\"https:\/\/www.bjoerkhyddan.net\/wp\/start\/english\/album\"><strong>Pictures from our surroundings!<\/strong><\/a><\/p>\n<\/div>\n<\/div><\/div><\/div><div id=\"pgc-10-0-1\"  class=\"panel-grid-cell\" ><div id=\"panel-10-0-1-0\" class=\"so-panel widget widget_sow-image panel-first-child\" data-index=\"4\" ><div\n\t\t\t\n\t\t\tclass=\"so-widget-sow-image so-widget-sow-image-default-8b5b6f678277-10\"\n\t\t\t\n\t\t>\n<div class=\"sow-image-container\">\n\t\t<img \n\tsrc=\"https:\/\/www.bjoerkhyddan.net\/wp\/wp-content\/uploads\/2016\/04\/En-del-av-destination-Vastervik-vit.gif\" width=\"715\" height=\"58\" sizes=\"(max-width: 715px) 100vw, 715px\" title=\"En del av destination Vastervik vit\" alt=\"\" \t\tclass=\"so-widget-image\"\/>\n\t<\/div>\n\n<\/div><\/div><div id=\"panel-10-0-1-1\" class=\"so-panel widget widget_siteorigin-panels-builder panel-last-child\" data-index=\"5\" ><div class=\"bordered-box panel-widget-style panel-widget-style-for-10-0-1-1\" ><div id=\"pl-w698c97e30f02c\"  class=\"panel-layout\" ><div id=\"pg-w698c97e30f02c-0\"  class=\"panel-grid panel-no-style\" ><div id=\"pgc-w698c97e30f02c-0-0\"  class=\"panel-grid-cell\" ><div id=\"panel-w698c97e30f02c-0-0-0\" class=\"so-panel widget widget_sow-editor panel-first-child panel-last-child\" data-index=\"0\" ><div\n\t\t\t\n\t\t\tclass=\"so-widget-sow-editor so-widget-sow-editor-base\"\n\t\t\t\n\t\t>\n<div class=\"siteorigin-widget-tinymce textwidget\">\n\t<p style=\"text-align: center;\"><span style=\"font-size: 12pt;\">Our vacation apartments:<\/span><\/p>\n<\/div>\n<\/div><\/div><\/div><\/div><div id=\"pg-w698c97e30f02c-1\"  class=\"panel-grid panel-no-style\" ><div id=\"pgc-w698c97e30f02c-1-0\"  class=\"panel-grid-cell\" ><div id=\"panel-w698c97e30f02c-1-0-0\" class=\"so-panel widget widget_sow-editor panel-first-child panel-last-child\" data-index=\"1\" ><div\n\t\t\t\n\t\t\tclass=\"so-widget-sow-editor so-widget-sow-editor-base\"\n\t\t\t\n\t\t>\n<div class=\"siteorigin-widget-tinymce textwidget\">\n\t<p style=\"text-align: center;\"><a href=\"https:\/\/www.bjoerkhyddan.net\/wp\/start\/english\/vacation-apartments-2\"><img loading=\"lazy\" decoding=\"async\" class=\"aligncenter size-thumbnail wp-image-849\" src=\"https:\/\/www.bjoerkhyddan.net\/wp\/wp-content\/uploads\/2016\/04\/Solstra\u030ale1-150x150.jpg\" alt=\"\" width=\"150\" height=\"150\" srcset=\"https:\/\/www.bjoerkhyddan.net\/wp\/wp-content\/uploads\/2016\/04\/Solstra\u030ale1-150x150.jpg 150w, https:\/\/www.bjoerkhyddan.net\/wp\/wp-content\/uploads\/2016\/04\/Solstra\u030ale1-1x1.jpg 1w\" sizes=\"auto, (max-width: 150px) 100vw, 150px\" \/><\/a><\/p>\n<p style=\"text-align: center;\"><a title=\"Vacation Apartments\" href=\"https:\/\/www.bjoerkhyddan.net\/wp\/start\/english\/vacation-apartments-2\">Solstr\u00e5le<\/a><br \/>\n<a title=\"Vacation Apartments\" href=\"https:\/\/www.bjoerkhyddan.net\/wp\/start\/english\/vacation-apartments-2\"> 25 m<sup>2<\/sup><\/a><\/p>\n<p style=\"text-align: center;\">\n2 beds<\/p>\n<\/div>\n<\/div><\/div><\/div><div id=\"pgc-w698c97e30f02c-1-1\"  class=\"panel-grid-cell\" ><div id=\"panel-w698c97e30f02c-1-1-0\" class=\"so-panel widget widget_sow-editor panel-first-child panel-last-child\" data-index=\"2\" ><div\n\t\t\t\n\t\t\tclass=\"so-widget-sow-editor so-widget-sow-editor-base\"\n\t\t\t\n\t\t>\n<div class=\"siteorigin-widget-tinymce textwidget\">\n\t<p style=\"text-align: center;\"><a title=\"Vacation Apartments\" href=\"https:\/\/www.bjoerkhyddan.net\/wp\/start\/english\/vacation-apartments-2\"><img loading=\"lazy\" decoding=\"async\" class=\"aligncenter size-thumbnail wp-image-246\" src=\"https:\/\/www.bjoerkhyddan.net\/wp\/wp-content\/uploads\/2016\/04\/Droemvaerld_13-150x150.jpg\" alt=\"Droemvaerld_13\" width=\"150\" height=\"150\" srcset=\"https:\/\/www.bjoerkhyddan.net\/wp\/wp-content\/uploads\/2016\/04\/Droemvaerld_13-150x150.jpg 150w, https:\/\/www.bjoerkhyddan.net\/wp\/wp-content\/uploads\/2016\/04\/Droemvaerld_13-1x1.jpg 1w\" sizes=\"auto, (max-width: 150px) 100vw, 150px\" \/><\/a><\/p>\n<p style=\"text-align: center;\"><a title=\"Vacation Apartments\" href=\"https:\/\/www.bjoerkhyddan.net\/wp\/start\/english\/vacation-apartments-2\">Dr\u00f6mv\u00e4rld<\/a><br \/>\n<a title=\"Vacation Apartments\" href=\"https:\/\/www.bjoerkhyddan.net\/wp\/start\/english\/vacation-apartments-2\"> 32\u00a0m<sup>2<\/sup><\/a><br \/>\n<a href=\"https:\/\/www.facebook.com\/BuBBjoerkhyddan\/videos\/1071937036275198\/\" target=\"_blank\" rel=\"noopener noreferrer\">video<\/a><\/p>\n<p style=\"text-align: center;\">3 beds<\/p>\n<\/div>\n<\/div><\/div><\/div><\/div><div id=\"pg-w698c97e30f02c-2\"  class=\"panel-grid panel-no-style\" ><div id=\"pgc-w698c97e30f02c-2-0\"  class=\"panel-grid-cell panel-grid-cell-empty\" ><\/div><div id=\"pgc-w698c97e30f02c-2-1\"  class=\"panel-grid-cell panel-grid-cell-mobile-last\" ><div id=\"panel-w698c97e30f02c-2-1-0\" class=\"so-panel widget widget_sow-editor panel-first-child panel-last-child\" data-index=\"3\" ><div\n\t\t\t\n\t\t\tclass=\"so-widget-sow-editor so-widget-sow-editor-base\"\n\t\t\t\n\t\t>\n<div class=\"siteorigin-widget-tinymce textwidget\">\n\t<p><a href=\"https:\/\/www.bjoerkhyddan.net\/wp\/start\/english\/vacation-apartments-2\"><img loading=\"lazy\" decoding=\"async\" class=\"aligncenter size-thumbnail wp-image-840\" src=\"https:\/\/www.bjoerkhyddan.net\/wp\/wp-content\/uploads\/2016\/04\/IMG_0167-150x150.jpg\" alt=\"\" width=\"150\" height=\"150\" srcset=\"https:\/\/www.bjoerkhyddan.net\/wp\/wp-content\/uploads\/2016\/04\/IMG_0167-150x150.jpg 150w, https:\/\/www.bjoerkhyddan.net\/wp\/wp-content\/uploads\/2016\/04\/IMG_0167-1x1.jpg 1w\" sizes=\"auto, (max-width: 150px) 100vw, 150px\" \/><\/a><\/p>\n<p style=\"text-align: center;\"><a title=\"Vacation Apartments\" href=\"https:\/\/www.bjoerkhyddan.net\/wp\/start\/english\/vacation-apartments-2\">Gamla Huset<\/a><br \/>\n<a title=\"Vacation Apartments\" href=\"https:\/\/www.bjoerkhyddan.net\/wp\/start\/english\/vacation-apartments-2\"> 65 m<sup>2<\/sup><\/a><\/p>\n<p style=\"text-align: center;\">4 beds<\/p>\n<hr \/>\n<p style=\"text-align: center;\"><a href=\"https:\/\/www.bjoerkhyddan.net\/wp\/start\/english\/villa-ronja-2\">Holiday home<br \/>\n<img loading=\"lazy\" decoding=\"async\" class=\"size-thumbnail wp-image-1355 aligncenter\" src=\"https:\/\/www.bjoerkhyddan.net\/wp\/wp-content\/uploads\/2026\/01\/IMG_0050-150x150.jpeg\" alt=\"\" width=\"150\" height=\"150\" srcset=\"https:\/\/www.bjoerkhyddan.net\/wp\/wp-content\/uploads\/2026\/01\/IMG_0050-150x150.jpeg 150w, https:\/\/www.bjoerkhyddan.net\/wp\/wp-content\/uploads\/2026\/01\/IMG_0050-2x1.jpeg 2w\" sizes=\"auto, (max-width: 150px) 100vw, 150px\" \/>Villa Roja<\/a><\/p>\n<\/div>\n<\/div><\/div><\/div><div id=\"pgc-w698c97e30f02c-2-2\"  class=\"panel-grid-cell panel-grid-cell-empty\" ><\/div><\/div><\/div><\/div><\/div><\/div><\/div><\/div>","protected":false},"excerpt":{"rendered":"<p>The B &amp; B Bj\u00f6rkhyddan is located at the beginning of a beautiful valley. An Island horse breeding is right behind the building. You can ride the horses or simply caress them. The Rummen-lake is only about 800 mtrs away from the B &amp; B home. The Baltic Sea can be reached at the coastal [&hellip;]<\/p>\n","protected":false},"author":2,"featured_media":0,"parent":93,"menu_order":0,"comment_status":"closed","ping_status":"closed","template":"page-templates\/full-width.php","meta":{"_acf_changed":false,"footnotes":""},"class_list":["post-10","page","type-page","status-publish","hentry"],"acf":[],"_links":{"self":[{"href":"https:\/\/www.bjoerkhyddan.net\/wp\/wp-json\/wp\/v2\/pages\/10","targetHints":{"allow":["GET"]}}],"collection":[{"href":"https:\/\/www.bjoerkhyddan.net\/wp\/wp-json\/wp\/v2\/pages"}],"about":[{"href":"https:\/\/www.bjoerkhyddan.net\/wp\/wp-json\/wp\/v2\/types\/page"}],"author":[{"embeddable":true,"href":"https:\/\/www.bjoerkhyddan.net\/wp\/wp-json\/wp\/v2\/users\/2"}],"replies":[{"embeddable":true,"href":"https:\/\/www.bjoerkhyddan.net\/wp\/wp-json\/wp\/v2\/comments?post=10"}],"version-history":[{"count":44,"href":"https:\/\/www.bjoerkhyddan.net\/wp\/wp-json\/wp\/v2\/pages\/10\/revisions"}],"predecessor-version":[{"id":665,"href":"https:\/\/www.bjoerkhyddan.net\/wp\/wp-json\/wp\/v2\/pages\/10\/revisions\/665"}],"up":[{"embeddable":true,"href":"https:\/\/www.bjoerkhyddan.net\/wp\/wp-json\/wp\/v2\/pages\/93"}],"wp:attachment":[{"href":"https:\/\/www.bjoerkhyddan.net\/wp\/wp-json\/wp\/v2\/media?parent=10"}],"curies":[{"name":"wp","href":"https:\/\/api.w.org\/{rel}","templated":true}]}}